{"id":9410,"date":"2020-11-15T16:37:32","date_gmt":"2020-11-15T21:37:32","guid":{"rendered":"http:\/\/sensavie.com\/product\/honma-collagen-caviar\/"},"modified":"2020-11-15T16:37:32","modified_gmt":"2020-11-15T21:37:32","slug":"honma-collagen-caviar","status":"publish","type":"product","link":"https:\/\/sensavie.com\/fr\/produit\/honma-collagen-caviar\/","title":{"rendered":"Honma &#8211; Collagen CAVIAR"},"content":{"rendered":"<h4>Le kit caviar de collag\u00e8ne est con\u00e7u pour un usage \u00e0 la maison et pour prolonger le r\u00e9sultat de la proc\u00e9dure au caf\u00e9 Premium Collagen.<\/h4>\n<p>Convient aux cheveux secs et expos\u00e9s aux produits chimiques.<\/p>\n","protected":false},"excerpt":{"rendered":"<p>Le kit caviar de collag\u00e8ne est con\u00e7u pour un usage \u00e0 la maison et pour prolonger le r\u00e9sultat de la proc\u00e9dure au caf\u00e9 Premium Collagen. Convient aux cheveux secs et expos\u00e9s aux produits chimiques.<\/p>\n","protected":false},"featured_media":9411,"comment_status":"open","ping_status":"closed","template":"","meta":[],"product_cat":[262],"product_tag":[263,264,265,261],"yoast_head":"<!-- This site is optimized with the Yoast SEO plugin v19.7.1 - https:\/\/yoast.com\/wordpress\/plugins\/seo\/ -->\n<title>Honma - Collagen CAVIAR - Salon Sensavie<\/title>\n<meta name=\"robots\" content=\"index, follow, max-snippet:-1, max-image-preview:large, max-video-preview:-1\" \/>\n<link rel=\"canonical\" href=\"https:\/\/sensavie.com\/fr\/product\/honma-collagen-caviar\/\" \/>\n<meta property=\"og:locale\" content=\"fr_FR\" \/>\n<meta property=\"og:type\" content=\"article\" \/>\n<meta property=\"og:title\" content=\"Honma - Collagen CAVIAR - Salon Sensavie\" \/>\n<meta property=\"og:description\" content=\"Le kit caviar de collag\u00e8ne est con\u00e7u pour un usage \u00e0 la maison et pour prolonger le r\u00e9sultat de la proc\u00e9dure au caf\u00e9 Premium Collagen. Convient aux cheveux secs et expos\u00e9s aux produits chimiques.\" \/>\n<meta property=\"og:url\" content=\"https:\/\/sensavie.com\/fr\/product\/honma-collagen-caviar\/\" \/>\n<meta property=\"og:site_name\" content=\"Salon Sensavie\" \/>\n<meta property=\"og:image\" content=\"https:\/\/sensavie.com\/wp-content\/uploads\/2020\/11\/Collagen-Caviar.png\" \/>\n\t<meta property=\"og:image:width\" content=\"1200\" \/>\n\t<meta property=\"og:image:height\" content=\"1000\" \/>\n\t<meta property=\"og:image:type\" content=\"image\/png\" \/>\n<meta name=\"twitter:card\" content=\"summary_large_image\" \/>\n<script type=\"application\/ld+json\" class=\"yoast-schema-graph\">{\"@context\":\"https:\/\/schema.org\",\"@graph\":[{\"@type\":\"WebPage\",\"@id\":\"https:\/\/sensavie.com\/fr\/product\/honma-collagen-caviar\/\",\"url\":\"https:\/\/sensavie.com\/fr\/product\/honma-collagen-caviar\/\",\"name\":\"Honma - Collagen CAVIAR - Salon Sensavie\",\"isPartOf\":{\"@id\":\"https:\/\/sensavie.com\/fr\/#website\"},\"datePublished\":\"2020-11-15T21:37:32+00:00\",\"dateModified\":\"2020-11-15T21:37:32+00:00\",\"breadcrumb\":{\"@id\":\"https:\/\/sensavie.com\/fr\/product\/honma-collagen-caviar\/#breadcrumb\"},\"inLanguage\":\"fr-FR\",\"potentialAction\":[{\"@type\":\"ReadAction\",\"target\":[\"https:\/\/sensavie.com\/fr\/product\/honma-collagen-caviar\/\"]}]},{\"@type\":\"BreadcrumbList\",\"@id\":\"https:\/\/sensavie.com\/fr\/product\/honma-collagen-caviar\/#breadcrumb\",\"itemListElement\":[{\"@type\":\"ListItem\",\"position\":1,\"name\":\"Home\",\"item\":\"https:\/\/sensavie.com\/\"},{\"@type\":\"ListItem\",\"position\":2,\"name\":\"Boutique\",\"item\":\"https:\/\/sensavie.com\/fr\/boutique\/\"},{\"@type\":\"ListItem\",\"position\":3,\"name\":\"Honma &#8211; Collagen CAVIAR\"}]},{\"@type\":\"WebSite\",\"@id\":\"https:\/\/sensavie.com\/fr\/#website\",\"url\":\"https:\/\/sensavie.com\/fr\/\",\"name\":\"Salon Sensavie\",\"description\":\"Extensions de cheveux, Botox capillaire, Nanoplastie, Traitement \u00e0 la k\u00e9ratine\",\"potentialAction\":[{\"@type\":\"SearchAction\",\"target\":{\"@type\":\"EntryPoint\",\"urlTemplate\":\"https:\/\/sensavie.com\/fr\/?s={search_term_string}\"},\"query-input\":\"required name=search_term_string\"}],\"inLanguage\":\"fr-FR\"}]}<\/script>\n<!-- \/ Yoast SEO plugin. -->","yoast_head_json":{"title":"Honma - Collagen CAVIAR - Salon Sensavie","robots":{"index":"index","follow":"follow","max-snippet":"max-snippet:-1","max-image-preview":"max-image-preview:large","max-video-preview":"max-video-preview:-1"},"canonical":"https:\/\/sensavie.com\/fr\/product\/honma-collagen-caviar\/","og_locale":"fr_FR","og_type":"article","og_title":"Honma - Collagen CAVIAR - Salon Sensavie","og_description":"Le kit caviar de collag\u00e8ne est con\u00e7u pour un usage \u00e0 la maison et pour prolonger le r\u00e9sultat de la proc\u00e9dure au caf\u00e9 Premium Collagen. Convient aux cheveux secs et expos\u00e9s aux produits chimiques.","og_url":"https:\/\/sensavie.com\/fr\/product\/honma-collagen-caviar\/","og_site_name":"Salon Sensavie","og_image":[{"width":1200,"height":1000,"url":"https:\/\/sensavie.com\/wp-content\/uploads\/2020\/11\/Collagen-Caviar.png","type":"image\/png"}],"twitter_card":"summary_large_image","schema":{"@context":"https:\/\/schema.org","@graph":[{"@type":"WebPage","@id":"https:\/\/sensavie.com\/fr\/product\/honma-collagen-caviar\/","url":"https:\/\/sensavie.com\/fr\/product\/honma-collagen-caviar\/","name":"Honma - Collagen CAVIAR - Salon Sensavie","isPartOf":{"@id":"https:\/\/sensavie.com\/fr\/#website"},"datePublished":"2020-11-15T21:37:32+00:00","dateModified":"2020-11-15T21:37:32+00:00","breadcrumb":{"@id":"https:\/\/sensavie.com\/fr\/product\/honma-collagen-caviar\/#breadcrumb"},"inLanguage":"fr-FR","potentialAction":[{"@type":"ReadAction","target":["https:\/\/sensavie.com\/fr\/product\/honma-collagen-caviar\/"]}]},{"@type":"BreadcrumbList","@id":"https:\/\/sensavie.com\/fr\/product\/honma-collagen-caviar\/#breadcrumb","itemListElement":[{"@type":"ListItem","position":1,"name":"Home","item":"https:\/\/sensavie.com\/"},{"@type":"ListItem","position":2,"name":"Boutique","item":"https:\/\/sensavie.com\/fr\/boutique\/"},{"@type":"ListItem","position":3,"name":"Honma &#8211; Collagen CAVIAR"}]},{"@type":"WebSite","@id":"https:\/\/sensavie.com\/fr\/#website","url":"https:\/\/sensavie.com\/fr\/","name":"Salon Sensavie","description":"Extensions de cheveux, Botox capillaire, Nanoplastie, Traitement \u00e0 la k\u00e9ratine","potentialAction":[{"@type":"SearchAction","target":{"@type":"EntryPoint","urlTemplate":"https:\/\/sensavie.com\/fr\/?s={search_term_string}"},"query-input":"required name=search_term_string"}],"inLanguage":"fr-FR"}]}},"_links":{"self":[{"href":"https:\/\/sensavie.com\/fr\/wp-json\/wp\/v2\/product\/9410"}],"collection":[{"href":"https:\/\/sensavie.com\/fr\/wp-json\/wp\/v2\/product"}],"about":[{"href":"https:\/\/sensavie.com\/fr\/wp-json\/wp\/v2\/types\/product"}],"replies":[{"embeddable":true,"href":"https:\/\/sensavie.com\/fr\/wp-json\/wp\/v2\/comments?post=9410"}],"wp:featuredmedia":[{"embeddable":true,"href":"https:\/\/sensavie.com\/fr\/wp-json\/wp\/v2\/media\/9411"}],"wp:attachment":[{"href":"https:\/\/sensavie.com\/fr\/wp-json\/wp\/v2\/media?parent=9410"}],"wp:term":[{"taxonomy":"product_cat","embeddable":true,"href":"https:\/\/sensavie.com\/fr\/wp-json\/wp\/v2\/product_cat?post=9410"},{"taxonomy":"product_tag","embeddable":true,"href":"https:\/\/sensavie.com\/fr\/wp-json\/wp\/v2\/product_tag?post=9410"}],"curies":[{"name":"wp","href":"https:\/\/api.w.org\/{rel}","templated":true}]}}