{"id":9422,"date":"2020-11-15T16:37:32","date_gmt":"2020-11-15T21:37:32","guid":{"rendered":"http:\/\/sensavie.com\/product\/honma-argan-perfect-care\/"},"modified":"2020-11-15T16:37:32","modified_gmt":"2020-11-15T21:37:32","slug":"honma-argan-perfect-care","status":"publish","type":"product","link":"https:\/\/sensavie.com\/fr\/produit\/honma-argan-perfect-care\/","title":{"rendered":"Honma &#8211; Argan Perfect Care"},"content":{"rendered":"<h4>Ligne Argan, \u00e0 base d\u2019huile d\u2019argan et d\u2019aloe vera, la ligne nutritionnelle convient \u00e0 tous les types de cheveux.<\/h4>\n<p>En plus d\u2019\u00e9liminer toutes les impuret\u00e9s, ce produit poss\u00e8de des ingr\u00e9dients nutritives et revitalisants \u00e9lev\u00e9s, agissant sur les apex des racines, hydratant sans alourdir les cheveux, \u00e9vitant les pointes fourchues, r\u00e9g\u00e9n\u00e9rant la fibre capillaire, procurant aux cheveux plus forts brillance intense, \u00e9lasticit\u00e9 et rebond en douceur.<\/p>\n<p>Riche en vitamine E, il poss\u00e8de un pouvoir antioxydant \u00e9lev\u00e9 et un excellent contr\u00f4le des frisottis.<\/p>\n","protected":false},"excerpt":{"rendered":"<p>Ligne Argan, \u00e0 base d\u2019huile d\u2019argan et d\u2019aloe vera, la ligne nutritionnelle convient \u00e0 tous les types de cheveux. En plus d\u2019\u00e9liminer toutes les impuret\u00e9s, ce produit poss\u00e8de des ingr\u00e9dients nutritives et revitalisants \u00e9lev\u00e9s, agissant sur les apex des racines, [&hellip;]<\/p>\n","protected":false},"featured_media":9423,"comment_status":"open","ping_status":"closed","template":"","meta":[],"product_cat":[262],"product_tag":[263,264,265,261],"yoast_head":"<!-- This site is optimized with the Yoast SEO plugin v19.7.1 - https:\/\/yoast.com\/wordpress\/plugins\/seo\/ -->\n<title>Honma - Argan Perfect Care - Salon Sensavie<\/title>\n<meta name=\"robots\" content=\"index, follow, max-snippet:-1, max-image-preview:large, max-video-preview:-1\" \/>\n<link rel=\"canonical\" href=\"https:\/\/sensavie.com\/fr\/product\/honma-argan-perfect-care\/\" \/>\n<meta property=\"og:locale\" content=\"fr_FR\" \/>\n<meta property=\"og:type\" content=\"article\" \/>\n<meta property=\"og:title\" content=\"Honma - Argan Perfect Care - Salon Sensavie\" \/>\n<meta property=\"og:description\" content=\"Ligne Argan, \u00e0 base d\u2019huile d\u2019argan et d\u2019aloe vera, la ligne nutritionnelle convient \u00e0 tous les types de cheveux. En plus d\u2019\u00e9liminer toutes les impuret\u00e9s, ce produit poss\u00e8de des ingr\u00e9dients nutritives et revitalisants \u00e9lev\u00e9s, agissant sur les apex des racines, [&hellip;]\" \/>\n<meta property=\"og:url\" content=\"https:\/\/sensavie.com\/fr\/product\/honma-argan-perfect-care\/\" \/>\n<meta property=\"og:site_name\" content=\"Salon Sensavie\" \/>\n<meta property=\"og:image\" content=\"https:\/\/sensavie.com\/wp-content\/uploads\/2020\/11\/Argan-Perfect-Care.png\" \/>\n\t<meta property=\"og:image:width\" content=\"1200\" \/>\n\t<meta property=\"og:image:height\" content=\"1000\" \/>\n\t<meta property=\"og:image:type\" content=\"image\/png\" \/>\n<meta name=\"twitter:card\" content=\"summary_large_image\" \/>\n<script type=\"application\/ld+json\" class=\"yoast-schema-graph\">{\"@context\":\"https:\/\/schema.org\",\"@graph\":[{\"@type\":\"WebPage\",\"@id\":\"https:\/\/sensavie.com\/fr\/product\/honma-argan-perfect-care\/\",\"url\":\"https:\/\/sensavie.com\/fr\/product\/honma-argan-perfect-care\/\",\"name\":\"Honma - Argan Perfect Care - Salon Sensavie\",\"isPartOf\":{\"@id\":\"https:\/\/sensavie.com\/fr\/#website\"},\"datePublished\":\"2020-11-15T21:37:32+00:00\",\"dateModified\":\"2020-11-15T21:37:32+00:00\",\"breadcrumb\":{\"@id\":\"https:\/\/sensavie.com\/fr\/product\/honma-argan-perfect-care\/#breadcrumb\"},\"inLanguage\":\"fr-FR\",\"potentialAction\":[{\"@type\":\"ReadAction\",\"target\":[\"https:\/\/sensavie.com\/fr\/product\/honma-argan-perfect-care\/\"]}]},{\"@type\":\"BreadcrumbList\",\"@id\":\"https:\/\/sensavie.com\/fr\/product\/honma-argan-perfect-care\/#breadcrumb\",\"itemListElement\":[{\"@type\":\"ListItem\",\"position\":1,\"name\":\"Home\",\"item\":\"https:\/\/sensavie.com\/\"},{\"@type\":\"ListItem\",\"position\":2,\"name\":\"Boutique\",\"item\":\"https:\/\/sensavie.com\/fr\/boutique\/\"},{\"@type\":\"ListItem\",\"position\":3,\"name\":\"Honma &#8211; Argan Perfect Care\"}]},{\"@type\":\"WebSite\",\"@id\":\"https:\/\/sensavie.com\/fr\/#website\",\"url\":\"https:\/\/sensavie.com\/fr\/\",\"name\":\"Salon Sensavie\",\"description\":\"Extensions de cheveux, Botox capillaire, Nanoplastie, Traitement \u00e0 la k\u00e9ratine\",\"potentialAction\":[{\"@type\":\"SearchAction\",\"target\":{\"@type\":\"EntryPoint\",\"urlTemplate\":\"https:\/\/sensavie.com\/fr\/?s={search_term_string}\"},\"query-input\":\"required name=search_term_string\"}],\"inLanguage\":\"fr-FR\"}]}<\/script>\n<!-- \/ Yoast SEO plugin. -->","yoast_head_json":{"title":"Honma - Argan Perfect Care - Salon Sensavie","robots":{"index":"index","follow":"follow","max-snippet":"max-snippet:-1","max-image-preview":"max-image-preview:large","max-video-preview":"max-video-preview:-1"},"canonical":"https:\/\/sensavie.com\/fr\/product\/honma-argan-perfect-care\/","og_locale":"fr_FR","og_type":"article","og_title":"Honma - Argan Perfect Care - Salon Sensavie","og_description":"Ligne Argan, \u00e0 base d\u2019huile d\u2019argan et d\u2019aloe vera, la ligne nutritionnelle convient \u00e0 tous les types de cheveux. En plus d\u2019\u00e9liminer toutes les impuret\u00e9s, ce produit poss\u00e8de des ingr\u00e9dients nutritives et revitalisants \u00e9lev\u00e9s, agissant sur les apex des racines, [&hellip;]","og_url":"https:\/\/sensavie.com\/fr\/product\/honma-argan-perfect-care\/","og_site_name":"Salon Sensavie","og_image":[{"width":1200,"height":1000,"url":"https:\/\/sensavie.com\/wp-content\/uploads\/2020\/11\/Argan-Perfect-Care.png","type":"image\/png"}],"twitter_card":"summary_large_image","schema":{"@context":"https:\/\/schema.org","@graph":[{"@type":"WebPage","@id":"https:\/\/sensavie.com\/fr\/product\/honma-argan-perfect-care\/","url":"https:\/\/sensavie.com\/fr\/product\/honma-argan-perfect-care\/","name":"Honma - Argan Perfect Care - Salon Sensavie","isPartOf":{"@id":"https:\/\/sensavie.com\/fr\/#website"},"datePublished":"2020-11-15T21:37:32+00:00","dateModified":"2020-11-15T21:37:32+00:00","breadcrumb":{"@id":"https:\/\/sensavie.com\/fr\/product\/honma-argan-perfect-care\/#breadcrumb"},"inLanguage":"fr-FR","potentialAction":[{"@type":"ReadAction","target":["https:\/\/sensavie.com\/fr\/product\/honma-argan-perfect-care\/"]}]},{"@type":"BreadcrumbList","@id":"https:\/\/sensavie.com\/fr\/product\/honma-argan-perfect-care\/#breadcrumb","itemListElement":[{"@type":"ListItem","position":1,"name":"Home","item":"https:\/\/sensavie.com\/"},{"@type":"ListItem","position":2,"name":"Boutique","item":"https:\/\/sensavie.com\/fr\/boutique\/"},{"@type":"ListItem","position":3,"name":"Honma &#8211; Argan Perfect Care"}]},{"@type":"WebSite","@id":"https:\/\/sensavie.com\/fr\/#website","url":"https:\/\/sensavie.com\/fr\/","name":"Salon Sensavie","description":"Extensions de cheveux, Botox capillaire, Nanoplastie, Traitement \u00e0 la k\u00e9ratine","potentialAction":[{"@type":"SearchAction","target":{"@type":"EntryPoint","urlTemplate":"https:\/\/sensavie.com\/fr\/?s={search_term_string}"},"query-input":"required name=search_term_string"}],"inLanguage":"fr-FR"}]}},"_links":{"self":[{"href":"https:\/\/sensavie.com\/fr\/wp-json\/wp\/v2\/product\/9422"}],"collection":[{"href":"https:\/\/sensavie.com\/fr\/wp-json\/wp\/v2\/product"}],"about":[{"href":"https:\/\/sensavie.com\/fr\/wp-json\/wp\/v2\/types\/product"}],"replies":[{"embeddable":true,"href":"https:\/\/sensavie.com\/fr\/wp-json\/wp\/v2\/comments?post=9422"}],"wp:featuredmedia":[{"embeddable":true,"href":"https:\/\/sensavie.com\/fr\/wp-json\/wp\/v2\/media\/9423"}],"wp:attachment":[{"href":"https:\/\/sensavie.com\/fr\/wp-json\/wp\/v2\/media?parent=9422"}],"wp:term":[{"taxonomy":"product_cat","embeddable":true,"href":"https:\/\/sensavie.com\/fr\/wp-json\/wp\/v2\/product_cat?post=9422"},{"taxonomy":"product_tag","embeddable":true,"href":"https:\/\/sensavie.com\/fr\/wp-json\/wp\/v2\/product_tag?post=9422"}],"curies":[{"name":"wp","href":"https:\/\/api.w.org\/{rel}","templated":true}]}}