{"id":9460,"date":"2020-10-30T22:44:52","date_gmt":"2020-10-31T02:44:52","guid":{"rendered":"http:\/\/sensavie.com\/product\/felps-xrepair-bio-molecular-shampoo\/"},"modified":"2020-10-30T22:44:52","modified_gmt":"2020-10-31T02:44:52","slug":"felps-xrepair-bio-molecular-shampoo","status":"publish","type":"product","link":"https:\/\/sensavie.com\/fr\/produit\/felps-xrepair-bio-molecular-shampoo\/","title":{"rendered":"Felps \u2013 XRepair Bio Molecular Shampoo"},"content":{"rendered":"<h4>Shampooing Xrepair Bio Molecular hydrate et r\u00e9pare les cheveux ab\u00eem\u00e9s et trait\u00e9s chimiquement.<\/h4>\n<p>Sa formule \u00e9quilibr\u00e9e hydrate les cheveux en les nettoyant tout en douceur. On retrouve les cheveux en plein sant\u00e9, doux et r\u00e9sistants.<\/p>\n","protected":false},"excerpt":{"rendered":"<p>Shampooing Xrepair Bio Molecular hydrate et r\u00e9pare les cheveux ab\u00eem\u00e9s et trait\u00e9s chimiquement. Sa formule \u00e9quilibr\u00e9e hydrate les cheveux en les nettoyant tout en douceur. On retrouve les cheveux en plein sant\u00e9, doux et r\u00e9sistants.<\/p>\n","protected":false},"featured_media":9234,"comment_status":"open","ping_status":"closed","template":"","meta":[],"product_cat":[262],"product_tag":[267,261],"yoast_head":"<!-- This site is optimized with the Yoast SEO plugin v19.7.1 - https:\/\/yoast.com\/wordpress\/plugins\/seo\/ -->\n<title>Felps \u2013 XRepair Bio Molecular Shampoo - Salon Sensavie<\/title>\n<meta name=\"robots\" content=\"index, follow, max-snippet:-1, max-image-preview:large, max-video-preview:-1\" \/>\n<link rel=\"canonical\" href=\"https:\/\/sensavie.com\/fr\/product\/felps-xrepair-bio-molecular-shampoo\/\" \/>\n<meta property=\"og:locale\" content=\"fr_FR\" \/>\n<meta property=\"og:type\" content=\"article\" \/>\n<meta property=\"og:title\" content=\"Felps \u2013 XRepair Bio Molecular Shampoo - Salon Sensavie\" \/>\n<meta property=\"og:description\" content=\"Shampooing Xrepair Bio Molecular hydrate et r\u00e9pare les cheveux ab\u00eem\u00e9s et trait\u00e9s chimiquement. Sa formule \u00e9quilibr\u00e9e hydrate les cheveux en les nettoyant tout en douceur. On retrouve les cheveux en plein sant\u00e9, doux et r\u00e9sistants.\" \/>\n<meta property=\"og:url\" content=\"https:\/\/sensavie.com\/fr\/product\/felps-xrepair-bio-molecular-shampoo\/\" \/>\n<meta property=\"og:site_name\" content=\"Salon Sensavie\" \/>\n<meta property=\"og:image\" content=\"https:\/\/sensavie.com\/wp-content\/uploads\/2020\/10\/xrepair-sh.png\" \/>\n\t<meta property=\"og:image:width\" content=\"1000\" \/>\n\t<meta property=\"og:image:height\" content=\"1200\" \/>\n\t<meta property=\"og:image:type\" content=\"image\/png\" \/>\n<meta name=\"twitter:card\" content=\"summary_large_image\" \/>\n<script type=\"application\/ld+json\" class=\"yoast-schema-graph\">{\"@context\":\"https:\/\/schema.org\",\"@graph\":[{\"@type\":\"WebPage\",\"@id\":\"https:\/\/sensavie.com\/fr\/product\/felps-xrepair-bio-molecular-shampoo\/\",\"url\":\"https:\/\/sensavie.com\/fr\/product\/felps-xrepair-bio-molecular-shampoo\/\",\"name\":\"Felps \u2013 XRepair Bio Molecular Shampoo - Salon Sensavie\",\"isPartOf\":{\"@id\":\"https:\/\/sensavie.com\/fr\/#website\"},\"datePublished\":\"2020-10-31T02:44:52+00:00\",\"dateModified\":\"2020-10-31T02:44:52+00:00\",\"breadcrumb\":{\"@id\":\"https:\/\/sensavie.com\/fr\/product\/felps-xrepair-bio-molecular-shampoo\/#breadcrumb\"},\"inLanguage\":\"fr-FR\",\"potentialAction\":[{\"@type\":\"ReadAction\",\"target\":[\"https:\/\/sensavie.com\/fr\/product\/felps-xrepair-bio-molecular-shampoo\/\"]}]},{\"@type\":\"BreadcrumbList\",\"@id\":\"https:\/\/sensavie.com\/fr\/product\/felps-xrepair-bio-molecular-shampoo\/#breadcrumb\",\"itemListElement\":[{\"@type\":\"ListItem\",\"position\":1,\"name\":\"Home\",\"item\":\"https:\/\/sensavie.com\/\"},{\"@type\":\"ListItem\",\"position\":2,\"name\":\"Boutique\",\"item\":\"https:\/\/sensavie.com\/fr\/boutique\/\"},{\"@type\":\"ListItem\",\"position\":3,\"name\":\"Felps \u2013 XRepair Bio Molecular Shampoo\"}]},{\"@type\":\"WebSite\",\"@id\":\"https:\/\/sensavie.com\/fr\/#website\",\"url\":\"https:\/\/sensavie.com\/fr\/\",\"name\":\"Salon Sensavie\",\"description\":\"Extensions de cheveux, Botox capillaire, Nanoplastie, Traitement \u00e0 la k\u00e9ratine\",\"potentialAction\":[{\"@type\":\"SearchAction\",\"target\":{\"@type\":\"EntryPoint\",\"urlTemplate\":\"https:\/\/sensavie.com\/fr\/?s={search_term_string}\"},\"query-input\":\"required name=search_term_string\"}],\"inLanguage\":\"fr-FR\"}]}<\/script>\n<!-- \/ Yoast SEO plugin. -->","yoast_head_json":{"title":"Felps \u2013 XRepair Bio Molecular Shampoo - Salon Sensavie","robots":{"index":"index","follow":"follow","max-snippet":"max-snippet:-1","max-image-preview":"max-image-preview:large","max-video-preview":"max-video-preview:-1"},"canonical":"https:\/\/sensavie.com\/fr\/product\/felps-xrepair-bio-molecular-shampoo\/","og_locale":"fr_FR","og_type":"article","og_title":"Felps \u2013 XRepair Bio Molecular Shampoo - Salon Sensavie","og_description":"Shampooing Xrepair Bio Molecular hydrate et r\u00e9pare les cheveux ab\u00eem\u00e9s et trait\u00e9s chimiquement. Sa formule \u00e9quilibr\u00e9e hydrate les cheveux en les nettoyant tout en douceur. On retrouve les cheveux en plein sant\u00e9, doux et r\u00e9sistants.","og_url":"https:\/\/sensavie.com\/fr\/product\/felps-xrepair-bio-molecular-shampoo\/","og_site_name":"Salon Sensavie","og_image":[{"width":1000,"height":1200,"url":"https:\/\/sensavie.com\/wp-content\/uploads\/2020\/10\/xrepair-sh.png","type":"image\/png"}],"twitter_card":"summary_large_image","schema":{"@context":"https:\/\/schema.org","@graph":[{"@type":"WebPage","@id":"https:\/\/sensavie.com\/fr\/product\/felps-xrepair-bio-molecular-shampoo\/","url":"https:\/\/sensavie.com\/fr\/product\/felps-xrepair-bio-molecular-shampoo\/","name":"Felps \u2013 XRepair Bio Molecular Shampoo - Salon Sensavie","isPartOf":{"@id":"https:\/\/sensavie.com\/fr\/#website"},"datePublished":"2020-10-31T02:44:52+00:00","dateModified":"2020-10-31T02:44:52+00:00","breadcrumb":{"@id":"https:\/\/sensavie.com\/fr\/product\/felps-xrepair-bio-molecular-shampoo\/#breadcrumb"},"inLanguage":"fr-FR","potentialAction":[{"@type":"ReadAction","target":["https:\/\/sensavie.com\/fr\/product\/felps-xrepair-bio-molecular-shampoo\/"]}]},{"@type":"BreadcrumbList","@id":"https:\/\/sensavie.com\/fr\/product\/felps-xrepair-bio-molecular-shampoo\/#breadcrumb","itemListElement":[{"@type":"ListItem","position":1,"name":"Home","item":"https:\/\/sensavie.com\/"},{"@type":"ListItem","position":2,"name":"Boutique","item":"https:\/\/sensavie.com\/fr\/boutique\/"},{"@type":"ListItem","position":3,"name":"Felps \u2013 XRepair Bio Molecular Shampoo"}]},{"@type":"WebSite","@id":"https:\/\/sensavie.com\/fr\/#website","url":"https:\/\/sensavie.com\/fr\/","name":"Salon Sensavie","description":"Extensions de cheveux, Botox capillaire, Nanoplastie, Traitement \u00e0 la k\u00e9ratine","potentialAction":[{"@type":"SearchAction","target":{"@type":"EntryPoint","urlTemplate":"https:\/\/sensavie.com\/fr\/?s={search_term_string}"},"query-input":"required name=search_term_string"}],"inLanguage":"fr-FR"}]}},"_links":{"self":[{"href":"https:\/\/sensavie.com\/fr\/wp-json\/wp\/v2\/product\/9460"}],"collection":[{"href":"https:\/\/sensavie.com\/fr\/wp-json\/wp\/v2\/product"}],"about":[{"href":"https:\/\/sensavie.com\/fr\/wp-json\/wp\/v2\/types\/product"}],"replies":[{"embeddable":true,"href":"https:\/\/sensavie.com\/fr\/wp-json\/wp\/v2\/comments?post=9460"}],"wp:featuredmedia":[{"embeddable":true,"href":"https:\/\/sensavie.com\/fr\/wp-json\/wp\/v2\/media\/9234"}],"wp:attachment":[{"href":"https:\/\/sensavie.com\/fr\/wp-json\/wp\/v2\/media?parent=9460"}],"wp:term":[{"taxonomy":"product_cat","embeddable":true,"href":"https:\/\/sensavie.com\/fr\/wp-json\/wp\/v2\/product_cat?post=9460"},{"taxonomy":"product_tag","embeddable":true,"href":"https:\/\/sensavie.com\/fr\/wp-json\/wp\/v2\/product_tag?post=9460"}],"curies":[{"name":"wp","href":"https:\/\/api.w.org\/{rel}","templated":true}]}}