{"id":9461,"date":"2020-10-30T22:28:32","date_gmt":"2020-10-31T02:28:32","guid":{"rendered":"http:\/\/sensavie.com\/product\/felps-xrepair-bio-molecular-conditioner\/"},"modified":"2020-10-30T22:28:32","modified_gmt":"2020-10-31T02:28:32","slug":"felps-xrepair-bio-molecular-conditioner","status":"publish","type":"product","link":"https:\/\/sensavie.com\/fr\/produit\/felps-xrepair-bio-molecular-conditioner\/","title":{"rendered":"Felps \u2013 XRepair Bio Molecular Conditioner"},"content":{"rendered":"<h4>Revitalisant Xrepair Bio Molecular est hydratant et convient aux cheveux ab\u00eem\u00e9s ou trait\u00e9s chimiquement.<\/h4>\n<p>Sa formule \u00e9quilibr\u00e9e aux huiles hydrog\u00e9n\u00e9es traite les cheveux post-chimiques en les rendant plus r\u00e9sistants et intens\u00e9ment brillants.<\/p>\n","protected":false},"excerpt":{"rendered":"<p>Revitalisant Xrepair Bio Molecular est hydratant et convient aux cheveux ab\u00eem\u00e9s ou trait\u00e9s chimiquement. Sa formule \u00e9quilibr\u00e9e aux huiles hydrog\u00e9n\u00e9es traite les cheveux post-chimiques en les rendant plus r\u00e9sistants et intens\u00e9ment brillants.<\/p>\n","protected":false},"featured_media":9193,"comment_status":"open","ping_status":"closed","template":"","meta":[],"product_cat":[262],"product_tag":[263,267],"yoast_head":"<!-- This site is optimized with the Yoast SEO plugin v19.7.1 - https:\/\/yoast.com\/wordpress\/plugins\/seo\/ -->\n<title>Felps \u2013 XRepair Bio Molecular Conditioner - Salon Sensavie<\/title>\n<meta name=\"robots\" content=\"index, follow, max-snippet:-1, max-image-preview:large, max-video-preview:-1\" \/>\n<link rel=\"canonical\" href=\"https:\/\/sensavie.com\/fr\/product\/felps-xrepair-bio-molecular-conditioner\/\" \/>\n<meta property=\"og:locale\" content=\"fr_FR\" \/>\n<meta property=\"og:type\" content=\"article\" \/>\n<meta property=\"og:title\" content=\"Felps \u2013 XRepair Bio Molecular Conditioner - Salon Sensavie\" \/>\n<meta property=\"og:description\" content=\"Revitalisant Xrepair Bio Molecular est hydratant et convient aux cheveux ab\u00eem\u00e9s ou trait\u00e9s chimiquement. Sa formule \u00e9quilibr\u00e9e aux huiles hydrog\u00e9n\u00e9es traite les cheveux post-chimiques en les rendant plus r\u00e9sistants et intens\u00e9ment brillants.\" \/>\n<meta property=\"og:url\" content=\"https:\/\/sensavie.com\/fr\/product\/felps-xrepair-bio-molecular-conditioner\/\" \/>\n<meta property=\"og:site_name\" content=\"Salon Sensavie\" \/>\n<meta property=\"og:image\" content=\"https:\/\/sensavie.com\/wp-content\/uploads\/2020\/10\/xrepair-con.png\" \/>\n\t<meta property=\"og:image:width\" content=\"1000\" \/>\n\t<meta property=\"og:image:height\" content=\"1200\" \/>\n\t<meta property=\"og:image:type\" content=\"image\/png\" \/>\n<meta name=\"twitter:card\" content=\"summary_large_image\" \/>\n<script type=\"application\/ld+json\" class=\"yoast-schema-graph\">{\"@context\":\"https:\/\/schema.org\",\"@graph\":[{\"@type\":\"WebPage\",\"@id\":\"https:\/\/sensavie.com\/fr\/product\/felps-xrepair-bio-molecular-conditioner\/\",\"url\":\"https:\/\/sensavie.com\/fr\/product\/felps-xrepair-bio-molecular-conditioner\/\",\"name\":\"Felps \u2013 XRepair Bio Molecular Conditioner - Salon Sensavie\",\"isPartOf\":{\"@id\":\"https:\/\/sensavie.com\/fr\/#website\"},\"datePublished\":\"2020-10-31T02:28:32+00:00\",\"dateModified\":\"2020-10-31T02:28:32+00:00\",\"breadcrumb\":{\"@id\":\"https:\/\/sensavie.com\/fr\/product\/felps-xrepair-bio-molecular-conditioner\/#breadcrumb\"},\"inLanguage\":\"fr-FR\",\"potentialAction\":[{\"@type\":\"ReadAction\",\"target\":[\"https:\/\/sensavie.com\/fr\/product\/felps-xrepair-bio-molecular-conditioner\/\"]}]},{\"@type\":\"BreadcrumbList\",\"@id\":\"https:\/\/sensavie.com\/fr\/product\/felps-xrepair-bio-molecular-conditioner\/#breadcrumb\",\"itemListElement\":[{\"@type\":\"ListItem\",\"position\":1,\"name\":\"Home\",\"item\":\"https:\/\/sensavie.com\/\"},{\"@type\":\"ListItem\",\"position\":2,\"name\":\"Boutique\",\"item\":\"https:\/\/sensavie.com\/fr\/boutique\/\"},{\"@type\":\"ListItem\",\"position\":3,\"name\":\"Felps \u2013 XRepair Bio Molecular Conditioner\"}]},{\"@type\":\"WebSite\",\"@id\":\"https:\/\/sensavie.com\/fr\/#website\",\"url\":\"https:\/\/sensavie.com\/fr\/\",\"name\":\"Salon Sensavie\",\"description\":\"Extensions de cheveux, Botox capillaire, Nanoplastie, Traitement \u00e0 la k\u00e9ratine\",\"potentialAction\":[{\"@type\":\"SearchAction\",\"target\":{\"@type\":\"EntryPoint\",\"urlTemplate\":\"https:\/\/sensavie.com\/fr\/?s={search_term_string}\"},\"query-input\":\"required name=search_term_string\"}],\"inLanguage\":\"fr-FR\"}]}<\/script>\n<!-- \/ Yoast SEO plugin. -->","yoast_head_json":{"title":"Felps \u2013 XRepair Bio Molecular Conditioner - Salon Sensavie","robots":{"index":"index","follow":"follow","max-snippet":"max-snippet:-1","max-image-preview":"max-image-preview:large","max-video-preview":"max-video-preview:-1"},"canonical":"https:\/\/sensavie.com\/fr\/product\/felps-xrepair-bio-molecular-conditioner\/","og_locale":"fr_FR","og_type":"article","og_title":"Felps \u2013 XRepair Bio Molecular Conditioner - Salon Sensavie","og_description":"Revitalisant Xrepair Bio Molecular est hydratant et convient aux cheveux ab\u00eem\u00e9s ou trait\u00e9s chimiquement. Sa formule \u00e9quilibr\u00e9e aux huiles hydrog\u00e9n\u00e9es traite les cheveux post-chimiques en les rendant plus r\u00e9sistants et intens\u00e9ment brillants.","og_url":"https:\/\/sensavie.com\/fr\/product\/felps-xrepair-bio-molecular-conditioner\/","og_site_name":"Salon Sensavie","og_image":[{"width":1000,"height":1200,"url":"https:\/\/sensavie.com\/wp-content\/uploads\/2020\/10\/xrepair-con.png","type":"image\/png"}],"twitter_card":"summary_large_image","schema":{"@context":"https:\/\/schema.org","@graph":[{"@type":"WebPage","@id":"https:\/\/sensavie.com\/fr\/product\/felps-xrepair-bio-molecular-conditioner\/","url":"https:\/\/sensavie.com\/fr\/product\/felps-xrepair-bio-molecular-conditioner\/","name":"Felps \u2013 XRepair Bio Molecular Conditioner - Salon Sensavie","isPartOf":{"@id":"https:\/\/sensavie.com\/fr\/#website"},"datePublished":"2020-10-31T02:28:32+00:00","dateModified":"2020-10-31T02:28:32+00:00","breadcrumb":{"@id":"https:\/\/sensavie.com\/fr\/product\/felps-xrepair-bio-molecular-conditioner\/#breadcrumb"},"inLanguage":"fr-FR","potentialAction":[{"@type":"ReadAction","target":["https:\/\/sensavie.com\/fr\/product\/felps-xrepair-bio-molecular-conditioner\/"]}]},{"@type":"BreadcrumbList","@id":"https:\/\/sensavie.com\/fr\/product\/felps-xrepair-bio-molecular-conditioner\/#breadcrumb","itemListElement":[{"@type":"ListItem","position":1,"name":"Home","item":"https:\/\/sensavie.com\/"},{"@type":"ListItem","position":2,"name":"Boutique","item":"https:\/\/sensavie.com\/fr\/boutique\/"},{"@type":"ListItem","position":3,"name":"Felps \u2013 XRepair Bio Molecular Conditioner"}]},{"@type":"WebSite","@id":"https:\/\/sensavie.com\/fr\/#website","url":"https:\/\/sensavie.com\/fr\/","name":"Salon Sensavie","description":"Extensions de cheveux, Botox capillaire, Nanoplastie, Traitement \u00e0 la k\u00e9ratine","potentialAction":[{"@type":"SearchAction","target":{"@type":"EntryPoint","urlTemplate":"https:\/\/sensavie.com\/fr\/?s={search_term_string}"},"query-input":"required name=search_term_string"}],"inLanguage":"fr-FR"}]}},"_links":{"self":[{"href":"https:\/\/sensavie.com\/fr\/wp-json\/wp\/v2\/product\/9461"}],"collection":[{"href":"https:\/\/sensavie.com\/fr\/wp-json\/wp\/v2\/product"}],"about":[{"href":"https:\/\/sensavie.com\/fr\/wp-json\/wp\/v2\/types\/product"}],"replies":[{"embeddable":true,"href":"https:\/\/sensavie.com\/fr\/wp-json\/wp\/v2\/comments?post=9461"}],"wp:featuredmedia":[{"embeddable":true,"href":"https:\/\/sensavie.com\/fr\/wp-json\/wp\/v2\/media\/9193"}],"wp:attachment":[{"href":"https:\/\/sensavie.com\/fr\/wp-json\/wp\/v2\/media?parent=9461"}],"wp:term":[{"taxonomy":"product_cat","embeddable":true,"href":"https:\/\/sensavie.com\/fr\/wp-json\/wp\/v2\/product_cat?post=9461"},{"taxonomy":"product_tag","embeddable":true,"href":"https:\/\/sensavie.com\/fr\/wp-json\/wp\/v2\/product_tag?post=9461"}],"curies":[{"name":"wp","href":"https:\/\/api.w.org\/{rel}","templated":true}]}}