{"id":9468,"date":"2020-07-23T20:05:54","date_gmt":"2020-07-24T00:05:54","guid":{"rendered":"http:\/\/sensavie.com\/product\/felps-sos-stop-hair-loss-revitalisant\/"},"modified":"2020-07-23T20:05:54","modified_gmt":"2020-07-24T00:05:54","slug":"felps-sos-stop-hair-loss-revitalisant","status":"publish","type":"product","link":"https:\/\/sensavie.com\/fr\/produit\/felps-sos-stop-hair-loss-revitalisant\/","title":{"rendered":"Felps SOS Stop Hair Loss Revitalisant"},"content":{"rendered":"<h4>Revitalisant SOS Enrichi de vitamines A et B et de composants extraordinaires, nourrit vos cheveux \u00e0 la racine en les laissant plus forts et plus lumineux.<\/h4>\n<p>Aide \u00e0 r\u00e9parer les cheveux ab\u00eem\u00e9s. Des meilleurs r\u00e9sultats sont obtenus en combinant avec Masque et Shampooing SOS.<\/p>\n","protected":false},"excerpt":{"rendered":"<p class=\"uppercase\">Enrichi de vitamines A et B et de composants extraordinaires.<\/p>\n","protected":false},"featured_media":9469,"comment_status":"open","ping_status":"closed","template":"","meta":[],"product_cat":[262],"product_tag":[263,267],"yoast_head":"<!-- This site is optimized with the Yoast SEO plugin v19.7.1 - https:\/\/yoast.com\/wordpress\/plugins\/seo\/ -->\n<title>Felps SOS Stop Hair Loss Revitalisant - Salon Sensavie<\/title>\n<meta name=\"robots\" content=\"index, follow, max-snippet:-1, max-image-preview:large, max-video-preview:-1\" \/>\n<link rel=\"canonical\" href=\"https:\/\/sensavie.com\/fr\/product\/felps-sos-stop-hair-loss-revitalisant\/\" \/>\n<meta property=\"og:locale\" content=\"fr_FR\" \/>\n<meta property=\"og:type\" content=\"article\" \/>\n<meta property=\"og:title\" content=\"Felps SOS Stop Hair Loss Revitalisant - Salon Sensavie\" \/>\n<meta property=\"og:description\" content=\"Enrichi de vitamines A et B et de composants extraordinaires.\" \/>\n<meta property=\"og:url\" content=\"https:\/\/sensavie.com\/fr\/product\/felps-sos-stop-hair-loss-revitalisant\/\" \/>\n<meta property=\"og:site_name\" content=\"Salon Sensavie\" \/>\n<meta property=\"og:image\" content=\"https:\/\/sensavie.com\/wp-content\/uploads\/2020\/07\/sos-cond.png\" \/>\n\t<meta property=\"og:image:width\" content=\"1000\" \/>\n\t<meta property=\"og:image:height\" content=\"1200\" \/>\n\t<meta property=\"og:image:type\" content=\"image\/png\" \/>\n<meta name=\"twitter:card\" content=\"summary_large_image\" \/>\n<script type=\"application\/ld+json\" class=\"yoast-schema-graph\">{\"@context\":\"https:\/\/schema.org\",\"@graph\":[{\"@type\":\"WebPage\",\"@id\":\"https:\/\/sensavie.com\/fr\/product\/felps-sos-stop-hair-loss-revitalisant\/\",\"url\":\"https:\/\/sensavie.com\/fr\/product\/felps-sos-stop-hair-loss-revitalisant\/\",\"name\":\"Felps SOS Stop Hair Loss Revitalisant - Salon Sensavie\",\"isPartOf\":{\"@id\":\"https:\/\/sensavie.com\/fr\/#website\"},\"datePublished\":\"2020-07-24T00:05:54+00:00\",\"dateModified\":\"2020-07-24T00:05:54+00:00\",\"breadcrumb\":{\"@id\":\"https:\/\/sensavie.com\/fr\/product\/felps-sos-stop-hair-loss-revitalisant\/#breadcrumb\"},\"inLanguage\":\"fr-FR\",\"potentialAction\":[{\"@type\":\"ReadAction\",\"target\":[\"https:\/\/sensavie.com\/fr\/product\/felps-sos-stop-hair-loss-revitalisant\/\"]}]},{\"@type\":\"BreadcrumbList\",\"@id\":\"https:\/\/sensavie.com\/fr\/product\/felps-sos-stop-hair-loss-revitalisant\/#breadcrumb\",\"itemListElement\":[{\"@type\":\"ListItem\",\"position\":1,\"name\":\"Home\",\"item\":\"https:\/\/sensavie.com\/\"},{\"@type\":\"ListItem\",\"position\":2,\"name\":\"Boutique\",\"item\":\"https:\/\/sensavie.com\/fr\/boutique\/\"},{\"@type\":\"ListItem\",\"position\":3,\"name\":\"Felps SOS Stop Hair Loss Revitalisant\"}]},{\"@type\":\"WebSite\",\"@id\":\"https:\/\/sensavie.com\/fr\/#website\",\"url\":\"https:\/\/sensavie.com\/fr\/\",\"name\":\"Salon Sensavie\",\"description\":\"Extensions de cheveux, Botox capillaire, Nanoplastie, Traitement \u00e0 la k\u00e9ratine\",\"potentialAction\":[{\"@type\":\"SearchAction\",\"target\":{\"@type\":\"EntryPoint\",\"urlTemplate\":\"https:\/\/sensavie.com\/fr\/?s={search_term_string}\"},\"query-input\":\"required name=search_term_string\"}],\"inLanguage\":\"fr-FR\"}]}<\/script>\n<!-- \/ Yoast SEO plugin. -->","yoast_head_json":{"title":"Felps SOS Stop Hair Loss Revitalisant - Salon Sensavie","robots":{"index":"index","follow":"follow","max-snippet":"max-snippet:-1","max-image-preview":"max-image-preview:large","max-video-preview":"max-video-preview:-1"},"canonical":"https:\/\/sensavie.com\/fr\/product\/felps-sos-stop-hair-loss-revitalisant\/","og_locale":"fr_FR","og_type":"article","og_title":"Felps SOS Stop Hair Loss Revitalisant - Salon Sensavie","og_description":"Enrichi de vitamines A et B et de composants extraordinaires.","og_url":"https:\/\/sensavie.com\/fr\/product\/felps-sos-stop-hair-loss-revitalisant\/","og_site_name":"Salon Sensavie","og_image":[{"width":1000,"height":1200,"url":"https:\/\/sensavie.com\/wp-content\/uploads\/2020\/07\/sos-cond.png","type":"image\/png"}],"twitter_card":"summary_large_image","schema":{"@context":"https:\/\/schema.org","@graph":[{"@type":"WebPage","@id":"https:\/\/sensavie.com\/fr\/product\/felps-sos-stop-hair-loss-revitalisant\/","url":"https:\/\/sensavie.com\/fr\/product\/felps-sos-stop-hair-loss-revitalisant\/","name":"Felps SOS Stop Hair Loss Revitalisant - Salon Sensavie","isPartOf":{"@id":"https:\/\/sensavie.com\/fr\/#website"},"datePublished":"2020-07-24T00:05:54+00:00","dateModified":"2020-07-24T00:05:54+00:00","breadcrumb":{"@id":"https:\/\/sensavie.com\/fr\/product\/felps-sos-stop-hair-loss-revitalisant\/#breadcrumb"},"inLanguage":"fr-FR","potentialAction":[{"@type":"ReadAction","target":["https:\/\/sensavie.com\/fr\/product\/felps-sos-stop-hair-loss-revitalisant\/"]}]},{"@type":"BreadcrumbList","@id":"https:\/\/sensavie.com\/fr\/product\/felps-sos-stop-hair-loss-revitalisant\/#breadcrumb","itemListElement":[{"@type":"ListItem","position":1,"name":"Home","item":"https:\/\/sensavie.com\/"},{"@type":"ListItem","position":2,"name":"Boutique","item":"https:\/\/sensavie.com\/fr\/boutique\/"},{"@type":"ListItem","position":3,"name":"Felps SOS Stop Hair Loss Revitalisant"}]},{"@type":"WebSite","@id":"https:\/\/sensavie.com\/fr\/#website","url":"https:\/\/sensavie.com\/fr\/","name":"Salon Sensavie","description":"Extensions de cheveux, Botox capillaire, Nanoplastie, Traitement \u00e0 la k\u00e9ratine","potentialAction":[{"@type":"SearchAction","target":{"@type":"EntryPoint","urlTemplate":"https:\/\/sensavie.com\/fr\/?s={search_term_string}"},"query-input":"required name=search_term_string"}],"inLanguage":"fr-FR"}]}},"_links":{"self":[{"href":"https:\/\/sensavie.com\/fr\/wp-json\/wp\/v2\/product\/9468"}],"collection":[{"href":"https:\/\/sensavie.com\/fr\/wp-json\/wp\/v2\/product"}],"about":[{"href":"https:\/\/sensavie.com\/fr\/wp-json\/wp\/v2\/types\/product"}],"replies":[{"embeddable":true,"href":"https:\/\/sensavie.com\/fr\/wp-json\/wp\/v2\/comments?post=9468"}],"wp:featuredmedia":[{"embeddable":true,"href":"https:\/\/sensavie.com\/fr\/wp-json\/wp\/v2\/media\/9469"}],"wp:attachment":[{"href":"https:\/\/sensavie.com\/fr\/wp-json\/wp\/v2\/media?parent=9468"}],"wp:term":[{"taxonomy":"product_cat","embeddable":true,"href":"https:\/\/sensavie.com\/fr\/wp-json\/wp\/v2\/product_cat?post=9468"},{"taxonomy":"product_tag","embeddable":true,"href":"https:\/\/sensavie.com\/fr\/wp-json\/wp\/v2\/product_tag?post=9468"}],"curies":[{"name":"wp","href":"https:\/\/api.w.org\/{rel}","templated":true}]}}