{"id":9470,"date":"2020-07-23T19:09:19","date_gmt":"2020-07-23T23:09:19","guid":{"rendered":"http:\/\/sensavie.com\/product\/felps-quiabo-shampooing-conditionneur\/"},"modified":"2020-07-23T19:09:19","modified_gmt":"2020-07-23T23:09:19","slug":"felps-quiabo-shampooing-conditionneur","status":"publish","type":"product","link":"https:\/\/sensavie.com\/fr\/produit\/felps-quiabo-shampooing-conditionneur\/","title":{"rendered":"Felps \u2013 Quiabo Shampooing, Conditionneur"},"content":{"rendered":"<div id=\"tab-description\" class=\"woocommerce-Tabs-panel woocommerce-Tabs-panel--description panel entry-content active\" role=\"tabpanel\" aria-labelledby=\"tab-title-description\">\n<h4 class=\"uppercase\">La ligne d\u2019entretien Xmix Quiabo ou okra est compos\u00e9e de shampooing, revitalisant et masque.<\/h4>\n<p>Elle a \u00e9t\u00e9 cr\u00e9\u00e9 en pensant \u00e0 apporter une vie saine \u00e0 vos cheveux au quotidien. Convient \u00e0 tous les types de cheveux. Le gombo a le pouvoir de r\u00e9g\u00e9n\u00e9rer les fibres capillaires, de traiter et de donner une injection de vitamines A et C, de fer, de phosphore et de calcium aux cheveux.<\/p>\n<p><strong>Shampooing Xmix Quiabo<\/strong>, sa formule aide \u00e0 r\u00e9g\u00e9n\u00e9rer la fibre capillaire, apportant sant\u00e9 et vie nouvelle. Les vitamines A et C, le phosphore, le fer et le calcium pr\u00e9sents dans le gombo, diminuent le pH des cheveux et combattent les radicaux libres. Nettoie sans laisser les cheveux secs.<\/p>\n<p><strong>Le conditionneur Quiabo <\/strong> est hydratant et convient \u00e0 tous les types de cheveux. Sa formule \u00e9quilibr\u00e9e avec les vitamines A et C, le phosphore, le fer et le calcium pr\u00e9sents dans le gombo, traite les cheveux, prot\u00e8ge le syst\u00e8me immunitaire des os, procurant \u00e9clat, sant\u00e9 et vie nouvelle.<\/p>\n<p><a href=\"https:\/\/store.naturalook.ca\/fr\/produit\/felps-quiabo-masque\/\"><strong>Le masque\u00a0<\/strong><strong>Quiabo<\/strong><\/a> est indiqu\u00e9 pour ceux qui veulent une hydratation profonde, une r\u00e9g\u00e9n\u00e9ration en masse et une brillance intense. Sa formule \u00e9quilibr\u00e9e avec les vitamines A et C, le phosphore, le fer et le calcium pr\u00e9sents dans le gombo r\u00e9g\u00e9n\u00e8re la structure de l\u2019os et cr\u00e9e un film protecteur contre les agents externes.<\/p>\n<\/div>\n","protected":false},"excerpt":{"rendered":"<h4 class=\"uppercase\">La ligne d\u2019entretien Xmix Quiabo ou okra est compos\u00e9e de shampooing, revitalisant et masque.<\/h4>\n","protected":false},"featured_media":9236,"comment_status":"open","ping_status":"closed","template":"","meta":[],"product_cat":[262],"product_tag":[263,267,261],"yoast_head":"<!-- This site is optimized with the Yoast SEO plugin v19.7.1 - https:\/\/yoast.com\/wordpress\/plugins\/seo\/ -->\n<title>Felps \u2013 Quiabo Shampooing, Conditionneur - Salon Sensavie<\/title>\n<meta name=\"robots\" content=\"index, follow, max-snippet:-1, max-image-preview:large, max-video-preview:-1\" \/>\n<link rel=\"canonical\" href=\"https:\/\/sensavie.com\/fr\/product\/felps-quiabo-shampooing-conditionneur\/\" \/>\n<meta property=\"og:locale\" content=\"fr_FR\" \/>\n<meta property=\"og:type\" content=\"article\" \/>\n<meta property=\"og:title\" content=\"Felps \u2013 Quiabo Shampooing, Conditionneur - Salon Sensavie\" \/>\n<meta property=\"og:description\" content=\"La ligne d\u2019entretien Xmix Quiabo ou okra est compos\u00e9e de shampooing, revitalisant et masque.\" \/>\n<meta property=\"og:url\" content=\"https:\/\/sensavie.com\/fr\/product\/felps-quiabo-shampooing-conditionneur\/\" \/>\n<meta property=\"og:site_name\" content=\"Salon Sensavie\" \/>\n<meta property=\"og:image\" content=\"https:\/\/sensavie.com\/wp-content\/uploads\/2020\/07\/quiabo-sh-cond.png\" \/>\n\t<meta property=\"og:image:width\" content=\"1000\" \/>\n\t<meta property=\"og:image:height\" content=\"1200\" \/>\n\t<meta property=\"og:image:type\" content=\"image\/png\" \/>\n<meta name=\"twitter:card\" content=\"summary_large_image\" \/>\n<meta name=\"twitter:label1\" content=\"Dur\u00e9e de lecture estim\u00e9e\" \/>\n\t<meta name=\"twitter:data1\" content=\"1 minute\" \/>\n<script type=\"application\/ld+json\" class=\"yoast-schema-graph\">{\"@context\":\"https:\/\/schema.org\",\"@graph\":[{\"@type\":\"WebPage\",\"@id\":\"https:\/\/sensavie.com\/fr\/product\/felps-quiabo-shampooing-conditionneur\/\",\"url\":\"https:\/\/sensavie.com\/fr\/product\/felps-quiabo-shampooing-conditionneur\/\",\"name\":\"Felps \u2013 Quiabo Shampooing, Conditionneur - Salon Sensavie\",\"isPartOf\":{\"@id\":\"https:\/\/sensavie.com\/fr\/#website\"},\"datePublished\":\"2020-07-23T23:09:19+00:00\",\"dateModified\":\"2020-07-23T23:09:19+00:00\",\"breadcrumb\":{\"@id\":\"https:\/\/sensavie.com\/fr\/product\/felps-quiabo-shampooing-conditionneur\/#breadcrumb\"},\"inLanguage\":\"fr-FR\",\"potentialAction\":[{\"@type\":\"ReadAction\",\"target\":[\"https:\/\/sensavie.com\/fr\/product\/felps-quiabo-shampooing-conditionneur\/\"]}]},{\"@type\":\"BreadcrumbList\",\"@id\":\"https:\/\/sensavie.com\/fr\/product\/felps-quiabo-shampooing-conditionneur\/#breadcrumb\",\"itemListElement\":[{\"@type\":\"ListItem\",\"position\":1,\"name\":\"Home\",\"item\":\"https:\/\/sensavie.com\/\"},{\"@type\":\"ListItem\",\"position\":2,\"name\":\"Boutique\",\"item\":\"https:\/\/sensavie.com\/fr\/boutique\/\"},{\"@type\":\"ListItem\",\"position\":3,\"name\":\"Felps \u2013 Quiabo Shampooing, Conditionneur\"}]},{\"@type\":\"WebSite\",\"@id\":\"https:\/\/sensavie.com\/fr\/#website\",\"url\":\"https:\/\/sensavie.com\/fr\/\",\"name\":\"Salon Sensavie\",\"description\":\"Extensions de cheveux, Botox capillaire, Nanoplastie, Traitement \u00e0 la k\u00e9ratine\",\"potentialAction\":[{\"@type\":\"SearchAction\",\"target\":{\"@type\":\"EntryPoint\",\"urlTemplate\":\"https:\/\/sensavie.com\/fr\/?s={search_term_string}\"},\"query-input\":\"required name=search_term_string\"}],\"inLanguage\":\"fr-FR\"}]}<\/script>\n<!-- \/ Yoast SEO plugin. -->","yoast_head_json":{"title":"Felps \u2013 Quiabo Shampooing, Conditionneur - Salon Sensavie","robots":{"index":"index","follow":"follow","max-snippet":"max-snippet:-1","max-image-preview":"max-image-preview:large","max-video-preview":"max-video-preview:-1"},"canonical":"https:\/\/sensavie.com\/fr\/product\/felps-quiabo-shampooing-conditionneur\/","og_locale":"fr_FR","og_type":"article","og_title":"Felps \u2013 Quiabo Shampooing, Conditionneur - Salon Sensavie","og_description":"La ligne d\u2019entretien Xmix Quiabo ou okra est compos\u00e9e de shampooing, revitalisant et masque.","og_url":"https:\/\/sensavie.com\/fr\/product\/felps-quiabo-shampooing-conditionneur\/","og_site_name":"Salon Sensavie","og_image":[{"width":1000,"height":1200,"url":"https:\/\/sensavie.com\/wp-content\/uploads\/2020\/07\/quiabo-sh-cond.png","type":"image\/png"}],"twitter_card":"summary_large_image","twitter_misc":{"Dur\u00e9e de lecture estim\u00e9e":"1 minute"},"schema":{"@context":"https:\/\/schema.org","@graph":[{"@type":"WebPage","@id":"https:\/\/sensavie.com\/fr\/product\/felps-quiabo-shampooing-conditionneur\/","url":"https:\/\/sensavie.com\/fr\/product\/felps-quiabo-shampooing-conditionneur\/","name":"Felps \u2013 Quiabo Shampooing, Conditionneur - Salon Sensavie","isPartOf":{"@id":"https:\/\/sensavie.com\/fr\/#website"},"datePublished":"2020-07-23T23:09:19+00:00","dateModified":"2020-07-23T23:09:19+00:00","breadcrumb":{"@id":"https:\/\/sensavie.com\/fr\/product\/felps-quiabo-shampooing-conditionneur\/#breadcrumb"},"inLanguage":"fr-FR","potentialAction":[{"@type":"ReadAction","target":["https:\/\/sensavie.com\/fr\/product\/felps-quiabo-shampooing-conditionneur\/"]}]},{"@type":"BreadcrumbList","@id":"https:\/\/sensavie.com\/fr\/product\/felps-quiabo-shampooing-conditionneur\/#breadcrumb","itemListElement":[{"@type":"ListItem","position":1,"name":"Home","item":"https:\/\/sensavie.com\/"},{"@type":"ListItem","position":2,"name":"Boutique","item":"https:\/\/sensavie.com\/fr\/boutique\/"},{"@type":"ListItem","position":3,"name":"Felps \u2013 Quiabo Shampooing, Conditionneur"}]},{"@type":"WebSite","@id":"https:\/\/sensavie.com\/fr\/#website","url":"https:\/\/sensavie.com\/fr\/","name":"Salon Sensavie","description":"Extensions de cheveux, Botox capillaire, Nanoplastie, Traitement \u00e0 la k\u00e9ratine","potentialAction":[{"@type":"SearchAction","target":{"@type":"EntryPoint","urlTemplate":"https:\/\/sensavie.com\/fr\/?s={search_term_string}"},"query-input":"required name=search_term_string"}],"inLanguage":"fr-FR"}]}},"_links":{"self":[{"href":"https:\/\/sensavie.com\/fr\/wp-json\/wp\/v2\/product\/9470"}],"collection":[{"href":"https:\/\/sensavie.com\/fr\/wp-json\/wp\/v2\/product"}],"about":[{"href":"https:\/\/sensavie.com\/fr\/wp-json\/wp\/v2\/types\/product"}],"replies":[{"embeddable":true,"href":"https:\/\/sensavie.com\/fr\/wp-json\/wp\/v2\/comments?post=9470"}],"wp:featuredmedia":[{"embeddable":true,"href":"https:\/\/sensavie.com\/fr\/wp-json\/wp\/v2\/media\/9236"}],"wp:attachment":[{"href":"https:\/\/sensavie.com\/fr\/wp-json\/wp\/v2\/media?parent=9470"}],"wp:term":[{"taxonomy":"product_cat","embeddable":true,"href":"https:\/\/sensavie.com\/fr\/wp-json\/wp\/v2\/product_cat?post=9470"},{"taxonomy":"product_tag","embeddable":true,"href":"https:\/\/sensavie.com\/fr\/wp-json\/wp\/v2\/product_tag?post=9470"}],"curies":[{"name":"wp","href":"https:\/\/api.w.org\/{rel}","templated":true}]}}