{"id":9471,"date":"2020-07-08T20:02:21","date_gmt":"2020-07-09T00:02:21","guid":{"rendered":"http:\/\/sensavie.com\/product\/felps-omega-zero-lhuile-dacai-revitalisant-250ml\/"},"modified":"2020-07-08T20:02:21","modified_gmt":"2020-07-09T00:02:21","slug":"felps-omega-zero-lhuile-dacai-revitalisant-250ml","status":"publish","type":"product","link":"https:\/\/sensavie.com\/fr\/produit\/felps-omega-zero-lhuile-dacai-revitalisant-250ml\/","title":{"rendered":"FELPS OMEGA ZERO \u2013 L\u2019huile d\u2019Acai Revitalisant \u2013 250ml"},"content":{"rendered":"<h4>Felps Acai Revitalisant lissant apr\u00e8s le traitement de nanoplastie.<\/h4>\n<p>A\u00e7a\u00ed contient une formule innovantrice riche en antioxydants et vitamines B1 et B2, qui apportera tous les nutriments, l\u2019hydratation et \u00e9quilibrera vos besoins capillaires. Il est recommand\u00e9 de l\u2019utiliser apr\u00e8s des proc\u00e9dures chimiques, en particulier apr\u00e8s des traitements de nanoplastie.<\/p>\n","protected":false},"excerpt":{"rendered":"<p>Felps Acai Revitalisant lissant apr\u00e8s le traitement de nanoplastie. A\u00e7a\u00ed contient une formule innovantrice riche en antioxydants et vitamines B1 et B2, qui apportera tous les nutriments, l\u2019hydratation et \u00e9quilibrera vos besoins capillaires. Il est recommand\u00e9 de l\u2019utiliser apr\u00e8s des [&hellip;]<\/p>\n","protected":false},"featured_media":9191,"comment_status":"open","ping_status":"closed","template":"","meta":[],"product_cat":[262],"product_tag":[263,267],"yoast_head":"<!-- This site is optimized with the Yoast SEO plugin v19.7.1 - https:\/\/yoast.com\/wordpress\/plugins\/seo\/ -->\n<title>FELPS OMEGA ZERO \u2013 L\u2019huile d\u2019Acai Revitalisant \u2013 250ml - Salon Sensavie<\/title>\n<meta name=\"robots\" content=\"index, follow, max-snippet:-1, max-image-preview:large, max-video-preview:-1\" \/>\n<link rel=\"canonical\" href=\"https:\/\/sensavie.com\/fr\/product\/felps-omega-zero-lhuile-dacai-revitalisant-250ml\/\" \/>\n<meta property=\"og:locale\" content=\"fr_FR\" \/>\n<meta property=\"og:type\" content=\"article\" \/>\n<meta property=\"og:title\" content=\"FELPS OMEGA ZERO \u2013 L\u2019huile d\u2019Acai Revitalisant \u2013 250ml - Salon Sensavie\" \/>\n<meta property=\"og:description\" content=\"Felps Acai Revitalisant lissant apr\u00e8s le traitement de nanoplastie. A\u00e7a\u00ed contient une formule innovantrice riche en antioxydants et vitamines B1 et B2, qui apportera tous les nutriments, l\u2019hydratation et \u00e9quilibrera vos besoins capillaires. Il est recommand\u00e9 de l\u2019utiliser apr\u00e8s des [&hellip;]\" \/>\n<meta property=\"og:url\" content=\"https:\/\/sensavie.com\/fr\/product\/felps-omega-zero-lhuile-dacai-revitalisant-250ml\/\" \/>\n<meta property=\"og:site_name\" content=\"Salon Sensavie\" \/>\n<meta property=\"og:image\" content=\"https:\/\/sensavie.com\/wp-content\/uploads\/2020\/07\/acai.png\" \/>\n\t<meta property=\"og:image:width\" content=\"1000\" \/>\n\t<meta property=\"og:image:height\" content=\"1200\" \/>\n\t<meta property=\"og:image:type\" content=\"image\/png\" \/>\n<meta name=\"twitter:card\" content=\"summary_large_image\" \/>\n<script type=\"application\/ld+json\" class=\"yoast-schema-graph\">{\"@context\":\"https:\/\/schema.org\",\"@graph\":[{\"@type\":\"WebPage\",\"@id\":\"https:\/\/sensavie.com\/fr\/product\/felps-omega-zero-lhuile-dacai-revitalisant-250ml\/\",\"url\":\"https:\/\/sensavie.com\/fr\/product\/felps-omega-zero-lhuile-dacai-revitalisant-250ml\/\",\"name\":\"FELPS OMEGA ZERO \u2013 L\u2019huile d\u2019Acai Revitalisant \u2013 250ml - Salon Sensavie\",\"isPartOf\":{\"@id\":\"https:\/\/sensavie.com\/fr\/#website\"},\"datePublished\":\"2020-07-09T00:02:21+00:00\",\"dateModified\":\"2020-07-09T00:02:21+00:00\",\"breadcrumb\":{\"@id\":\"https:\/\/sensavie.com\/fr\/product\/felps-omega-zero-lhuile-dacai-revitalisant-250ml\/#breadcrumb\"},\"inLanguage\":\"fr-FR\",\"potentialAction\":[{\"@type\":\"ReadAction\",\"target\":[\"https:\/\/sensavie.com\/fr\/product\/felps-omega-zero-lhuile-dacai-revitalisant-250ml\/\"]}]},{\"@type\":\"BreadcrumbList\",\"@id\":\"https:\/\/sensavie.com\/fr\/product\/felps-omega-zero-lhuile-dacai-revitalisant-250ml\/#breadcrumb\",\"itemListElement\":[{\"@type\":\"ListItem\",\"position\":1,\"name\":\"Home\",\"item\":\"https:\/\/sensavie.com\/\"},{\"@type\":\"ListItem\",\"position\":2,\"name\":\"Boutique\",\"item\":\"https:\/\/sensavie.com\/fr\/boutique\/\"},{\"@type\":\"ListItem\",\"position\":3,\"name\":\"FELPS OMEGA ZERO \u2013 L\u2019huile d\u2019Acai Revitalisant \u2013 250ml\"}]},{\"@type\":\"WebSite\",\"@id\":\"https:\/\/sensavie.com\/fr\/#website\",\"url\":\"https:\/\/sensavie.com\/fr\/\",\"name\":\"Salon Sensavie\",\"description\":\"Extensions de cheveux, Botox capillaire, Nanoplastie, Traitement \u00e0 la k\u00e9ratine\",\"potentialAction\":[{\"@type\":\"SearchAction\",\"target\":{\"@type\":\"EntryPoint\",\"urlTemplate\":\"https:\/\/sensavie.com\/fr\/?s={search_term_string}\"},\"query-input\":\"required name=search_term_string\"}],\"inLanguage\":\"fr-FR\"}]}<\/script>\n<!-- \/ Yoast SEO plugin. -->","yoast_head_json":{"title":"FELPS OMEGA ZERO \u2013 L\u2019huile d\u2019Acai Revitalisant \u2013 250ml - Salon Sensavie","robots":{"index":"index","follow":"follow","max-snippet":"max-snippet:-1","max-image-preview":"max-image-preview:large","max-video-preview":"max-video-preview:-1"},"canonical":"https:\/\/sensavie.com\/fr\/product\/felps-omega-zero-lhuile-dacai-revitalisant-250ml\/","og_locale":"fr_FR","og_type":"article","og_title":"FELPS OMEGA ZERO \u2013 L\u2019huile d\u2019Acai Revitalisant \u2013 250ml - Salon Sensavie","og_description":"Felps Acai Revitalisant lissant apr\u00e8s le traitement de nanoplastie. A\u00e7a\u00ed contient une formule innovantrice riche en antioxydants et vitamines B1 et B2, qui apportera tous les nutriments, l\u2019hydratation et \u00e9quilibrera vos besoins capillaires. Il est recommand\u00e9 de l\u2019utiliser apr\u00e8s des [&hellip;]","og_url":"https:\/\/sensavie.com\/fr\/product\/felps-omega-zero-lhuile-dacai-revitalisant-250ml\/","og_site_name":"Salon Sensavie","og_image":[{"width":1000,"height":1200,"url":"https:\/\/sensavie.com\/wp-content\/uploads\/2020\/07\/acai.png","type":"image\/png"}],"twitter_card":"summary_large_image","schema":{"@context":"https:\/\/schema.org","@graph":[{"@type":"WebPage","@id":"https:\/\/sensavie.com\/fr\/product\/felps-omega-zero-lhuile-dacai-revitalisant-250ml\/","url":"https:\/\/sensavie.com\/fr\/product\/felps-omega-zero-lhuile-dacai-revitalisant-250ml\/","name":"FELPS OMEGA ZERO \u2013 L\u2019huile d\u2019Acai Revitalisant \u2013 250ml - Salon Sensavie","isPartOf":{"@id":"https:\/\/sensavie.com\/fr\/#website"},"datePublished":"2020-07-09T00:02:21+00:00","dateModified":"2020-07-09T00:02:21+00:00","breadcrumb":{"@id":"https:\/\/sensavie.com\/fr\/product\/felps-omega-zero-lhuile-dacai-revitalisant-250ml\/#breadcrumb"},"inLanguage":"fr-FR","potentialAction":[{"@type":"ReadAction","target":["https:\/\/sensavie.com\/fr\/product\/felps-omega-zero-lhuile-dacai-revitalisant-250ml\/"]}]},{"@type":"BreadcrumbList","@id":"https:\/\/sensavie.com\/fr\/product\/felps-omega-zero-lhuile-dacai-revitalisant-250ml\/#breadcrumb","itemListElement":[{"@type":"ListItem","position":1,"name":"Home","item":"https:\/\/sensavie.com\/"},{"@type":"ListItem","position":2,"name":"Boutique","item":"https:\/\/sensavie.com\/fr\/boutique\/"},{"@type":"ListItem","position":3,"name":"FELPS OMEGA ZERO \u2013 L\u2019huile d\u2019Acai Revitalisant \u2013 250ml"}]},{"@type":"WebSite","@id":"https:\/\/sensavie.com\/fr\/#website","url":"https:\/\/sensavie.com\/fr\/","name":"Salon Sensavie","description":"Extensions de cheveux, Botox capillaire, Nanoplastie, Traitement \u00e0 la k\u00e9ratine","potentialAction":[{"@type":"SearchAction","target":{"@type":"EntryPoint","urlTemplate":"https:\/\/sensavie.com\/fr\/?s={search_term_string}"},"query-input":"required name=search_term_string"}],"inLanguage":"fr-FR"}]}},"_links":{"self":[{"href":"https:\/\/sensavie.com\/fr\/wp-json\/wp\/v2\/product\/9471"}],"collection":[{"href":"https:\/\/sensavie.com\/fr\/wp-json\/wp\/v2\/product"}],"about":[{"href":"https:\/\/sensavie.com\/fr\/wp-json\/wp\/v2\/types\/product"}],"replies":[{"embeddable":true,"href":"https:\/\/sensavie.com\/fr\/wp-json\/wp\/v2\/comments?post=9471"}],"wp:featuredmedia":[{"embeddable":true,"href":"https:\/\/sensavie.com\/fr\/wp-json\/wp\/v2\/media\/9191"}],"wp:attachment":[{"href":"https:\/\/sensavie.com\/fr\/wp-json\/wp\/v2\/media?parent=9471"}],"wp:term":[{"taxonomy":"product_cat","embeddable":true,"href":"https:\/\/sensavie.com\/fr\/wp-json\/wp\/v2\/product_cat?post=9471"},{"taxonomy":"product_tag","embeddable":true,"href":"https:\/\/sensavie.com\/fr\/wp-json\/wp\/v2\/product_tag?post=9471"}],"curies":[{"name":"wp","href":"https:\/\/api.w.org\/{rel}","templated":true}]}}