{"id":9473,"date":"2020-07-08T19:27:05","date_gmt":"2020-07-08T23:27:05","guid":{"rendered":"http:\/\/sensavie.com\/product\/felps-huile-de-bamboo-50ml\/"},"modified":"2020-07-08T19:27:05","modified_gmt":"2020-07-08T23:27:05","slug":"felps-huile-de-bamboo-50ml","status":"publish","type":"product","link":"https:\/\/sensavie.com\/fr\/produit\/felps-huile-de-bamboo-50ml\/","title":{"rendered":"Felps \u2013 Huile de Bamboo \u2013 50ml"},"content":{"rendered":"","protected":false},"excerpt":{"rendered":"<h4>L\u2019huile r\u00e9parateur avec un effet antioxydant.<\/h4>\n<p>Les cheveux retrouvent une brillance intense, sans frisottis et pointes fourchues tout en acc\u00e9l\u00e9rant leur croissance. Tr\u00e8s l\u00e9ger, sans alourdir les cheveux.<\/p>\n","protected":false},"featured_media":9475,"comment_status":"open","ping_status":"closed","template":"","meta":[],"product_cat":[262],"product_tag":[267,268],"yoast_head":"<!-- This site is optimized with the Yoast SEO plugin v19.7.1 - https:\/\/yoast.com\/wordpress\/plugins\/seo\/ -->\n<title>Felps \u2013 Huile de Bamboo \u2013 50ml - Salon Sensavie<\/title>\n<meta name=\"robots\" content=\"index, follow, max-snippet:-1, max-image-preview:large, max-video-preview:-1\" \/>\n<link rel=\"canonical\" href=\"https:\/\/sensavie.com\/fr\/product\/felps-huile-de-bamboo-50ml\/\" \/>\n<meta property=\"og:locale\" content=\"fr_FR\" \/>\n<meta property=\"og:type\" content=\"article\" \/>\n<meta property=\"og:title\" content=\"Felps \u2013 Huile de Bamboo \u2013 50ml - Salon Sensavie\" \/>\n<meta property=\"og:description\" content=\"L\u2019huile r\u00e9parateur avec un effet antioxydant. Les cheveux retrouvent une brillance intense, sans frisottis et pointes fourchues tout en acc\u00e9l\u00e9rant leur croissance. Tr\u00e8s l\u00e9ger, sans alourdir les cheveux.\" \/>\n<meta property=\"og:url\" content=\"https:\/\/sensavie.com\/fr\/product\/felps-huile-de-bamboo-50ml\/\" \/>\n<meta property=\"og:site_name\" content=\"Salon Sensavie\" \/>\n<meta property=\"og:image\" content=\"https:\/\/sensavie.com\/wp-content\/uploads\/2020\/07\/bamboo-oil.png\" \/>\n\t<meta property=\"og:image:width\" content=\"1000\" \/>\n\t<meta property=\"og:image:height\" content=\"1200\" \/>\n\t<meta property=\"og:image:type\" content=\"image\/png\" \/>\n<meta name=\"twitter:card\" content=\"summary_large_image\" \/>\n<script type=\"application\/ld+json\" class=\"yoast-schema-graph\">{\"@context\":\"https:\/\/schema.org\",\"@graph\":[{\"@type\":\"WebPage\",\"@id\":\"https:\/\/sensavie.com\/fr\/product\/felps-huile-de-bamboo-50ml\/\",\"url\":\"https:\/\/sensavie.com\/fr\/product\/felps-huile-de-bamboo-50ml\/\",\"name\":\"Felps \u2013 Huile de Bamboo \u2013 50ml - Salon Sensavie\",\"isPartOf\":{\"@id\":\"https:\/\/sensavie.com\/fr\/#website\"},\"datePublished\":\"2020-07-08T23:27:05+00:00\",\"dateModified\":\"2020-07-08T23:27:05+00:00\",\"breadcrumb\":{\"@id\":\"https:\/\/sensavie.com\/fr\/product\/felps-huile-de-bamboo-50ml\/#breadcrumb\"},\"inLanguage\":\"fr-FR\",\"potentialAction\":[{\"@type\":\"ReadAction\",\"target\":[\"https:\/\/sensavie.com\/fr\/product\/felps-huile-de-bamboo-50ml\/\"]}]},{\"@type\":\"BreadcrumbList\",\"@id\":\"https:\/\/sensavie.com\/fr\/product\/felps-huile-de-bamboo-50ml\/#breadcrumb\",\"itemListElement\":[{\"@type\":\"ListItem\",\"position\":1,\"name\":\"Home\",\"item\":\"https:\/\/sensavie.com\/\"},{\"@type\":\"ListItem\",\"position\":2,\"name\":\"Boutique\",\"item\":\"https:\/\/sensavie.com\/fr\/boutique\/\"},{\"@type\":\"ListItem\",\"position\":3,\"name\":\"Felps \u2013 Huile de Bamboo \u2013 50ml\"}]},{\"@type\":\"WebSite\",\"@id\":\"https:\/\/sensavie.com\/fr\/#website\",\"url\":\"https:\/\/sensavie.com\/fr\/\",\"name\":\"Salon Sensavie\",\"description\":\"Extensions de cheveux, Botox capillaire, Nanoplastie, Traitement \u00e0 la k\u00e9ratine\",\"potentialAction\":[{\"@type\":\"SearchAction\",\"target\":{\"@type\":\"EntryPoint\",\"urlTemplate\":\"https:\/\/sensavie.com\/fr\/?s={search_term_string}\"},\"query-input\":\"required name=search_term_string\"}],\"inLanguage\":\"fr-FR\"}]}<\/script>\n<!-- \/ Yoast SEO plugin. -->","yoast_head_json":{"title":"Felps \u2013 Huile de Bamboo \u2013 50ml - Salon Sensavie","robots":{"index":"index","follow":"follow","max-snippet":"max-snippet:-1","max-image-preview":"max-image-preview:large","max-video-preview":"max-video-preview:-1"},"canonical":"https:\/\/sensavie.com\/fr\/product\/felps-huile-de-bamboo-50ml\/","og_locale":"fr_FR","og_type":"article","og_title":"Felps \u2013 Huile de Bamboo \u2013 50ml - Salon Sensavie","og_description":"L\u2019huile r\u00e9parateur avec un effet antioxydant. Les cheveux retrouvent une brillance intense, sans frisottis et pointes fourchues tout en acc\u00e9l\u00e9rant leur croissance. Tr\u00e8s l\u00e9ger, sans alourdir les cheveux.","og_url":"https:\/\/sensavie.com\/fr\/product\/felps-huile-de-bamboo-50ml\/","og_site_name":"Salon Sensavie","og_image":[{"width":1000,"height":1200,"url":"https:\/\/sensavie.com\/wp-content\/uploads\/2020\/07\/bamboo-oil.png","type":"image\/png"}],"twitter_card":"summary_large_image","schema":{"@context":"https:\/\/schema.org","@graph":[{"@type":"WebPage","@id":"https:\/\/sensavie.com\/fr\/product\/felps-huile-de-bamboo-50ml\/","url":"https:\/\/sensavie.com\/fr\/product\/felps-huile-de-bamboo-50ml\/","name":"Felps \u2013 Huile de Bamboo \u2013 50ml - Salon Sensavie","isPartOf":{"@id":"https:\/\/sensavie.com\/fr\/#website"},"datePublished":"2020-07-08T23:27:05+00:00","dateModified":"2020-07-08T23:27:05+00:00","breadcrumb":{"@id":"https:\/\/sensavie.com\/fr\/product\/felps-huile-de-bamboo-50ml\/#breadcrumb"},"inLanguage":"fr-FR","potentialAction":[{"@type":"ReadAction","target":["https:\/\/sensavie.com\/fr\/product\/felps-huile-de-bamboo-50ml\/"]}]},{"@type":"BreadcrumbList","@id":"https:\/\/sensavie.com\/fr\/product\/felps-huile-de-bamboo-50ml\/#breadcrumb","itemListElement":[{"@type":"ListItem","position":1,"name":"Home","item":"https:\/\/sensavie.com\/"},{"@type":"ListItem","position":2,"name":"Boutique","item":"https:\/\/sensavie.com\/fr\/boutique\/"},{"@type":"ListItem","position":3,"name":"Felps \u2013 Huile de Bamboo \u2013 50ml"}]},{"@type":"WebSite","@id":"https:\/\/sensavie.com\/fr\/#website","url":"https:\/\/sensavie.com\/fr\/","name":"Salon Sensavie","description":"Extensions de cheveux, Botox capillaire, Nanoplastie, Traitement \u00e0 la k\u00e9ratine","potentialAction":[{"@type":"SearchAction","target":{"@type":"EntryPoint","urlTemplate":"https:\/\/sensavie.com\/fr\/?s={search_term_string}"},"query-input":"required name=search_term_string"}],"inLanguage":"fr-FR"}]}},"_links":{"self":[{"href":"https:\/\/sensavie.com\/fr\/wp-json\/wp\/v2\/product\/9473"}],"collection":[{"href":"https:\/\/sensavie.com\/fr\/wp-json\/wp\/v2\/product"}],"about":[{"href":"https:\/\/sensavie.com\/fr\/wp-json\/wp\/v2\/types\/product"}],"replies":[{"embeddable":true,"href":"https:\/\/sensavie.com\/fr\/wp-json\/wp\/v2\/comments?post=9473"}],"wp:featuredmedia":[{"embeddable":true,"href":"https:\/\/sensavie.com\/fr\/wp-json\/wp\/v2\/media\/9475"}],"wp:attachment":[{"href":"https:\/\/sensavie.com\/fr\/wp-json\/wp\/v2\/media?parent=9473"}],"wp:term":[{"taxonomy":"product_cat","embeddable":true,"href":"https:\/\/sensavie.com\/fr\/wp-json\/wp\/v2\/product_cat?post=9473"},{"taxonomy":"product_tag","embeddable":true,"href":"https:\/\/sensavie.com\/fr\/wp-json\/wp\/v2\/product_tag?post=9473"}],"curies":[{"name":"wp","href":"https:\/\/api.w.org\/{rel}","templated":true}]}}