{"id":9487,"date":"2019-12-16T16:45:47","date_gmt":"2019-12-16T21:45:47","guid":{"rendered":"http:\/\/sensavie.com\/product\/felps-xmix-uniq-creme\/"},"modified":"2019-12-16T16:45:47","modified_gmt":"2019-12-16T21:45:47","slug":"felps-xmix-uniq-creme","status":"publish","type":"product","link":"https:\/\/sensavie.com\/fr\/produit\/felps-xmix-uniq-creme\/","title":{"rendered":"Felps XMIX Uniq Cr\u00e8me"},"content":{"rendered":"<h4>Traitement sans rin\u00e7age qui procure une foule d\u2019avantages \u00e0 tous les types de cheveux.<\/h4>\n<p>Il favorise la restructuration des cheveux, le contr\u00f4le des frisottis, la protection thermique, une brillance intense, la protection contre UVA et UVB, coiffure longue dur\u00e9e, facilite le coiffage, pr\u00e9vient les pointes fourchues et neutralise les effets du chlore et du sel.<\/p>\n","protected":false},"excerpt":{"rendered":"<p>Traitement sans rin\u00e7age qui procure une foule d\u2019avantages \u00e0 tous les types de cheveux. Il favorise la restructuration des cheveux, le contr\u00f4le des frisottis, la protection thermique, une brillance intense, la protection contre UVA et UVB, coiffure longue dur\u00e9e, facilite [&hellip;]<\/p>\n","protected":false},"featured_media":9488,"comment_status":"open","ping_status":"closed","template":"","meta":[],"product_cat":[262],"product_tag":[267],"yoast_head":"<!-- This site is optimized with the Yoast SEO plugin v19.7.1 - https:\/\/yoast.com\/wordpress\/plugins\/seo\/ -->\n<title>Felps XMIX Uniq Cr\u00e8me - Salon Sensavie<\/title>\n<meta name=\"robots\" content=\"index, follow, max-snippet:-1, max-image-preview:large, max-video-preview:-1\" \/>\n<link rel=\"canonical\" href=\"https:\/\/sensavie.com\/fr\/product\/felps-xmix-uniq-creme\/\" \/>\n<meta property=\"og:locale\" content=\"fr_FR\" \/>\n<meta property=\"og:type\" content=\"article\" \/>\n<meta property=\"og:title\" content=\"Felps XMIX Uniq Cr\u00e8me - Salon Sensavie\" \/>\n<meta property=\"og:description\" content=\"Traitement sans rin\u00e7age qui procure une foule d\u2019avantages \u00e0 tous les types de cheveux. Il favorise la restructuration des cheveux, le contr\u00f4le des frisottis, la protection thermique, une brillance intense, la protection contre UVA et UVB, coiffure longue dur\u00e9e, facilite [&hellip;]\" \/>\n<meta property=\"og:url\" content=\"https:\/\/sensavie.com\/fr\/product\/felps-xmix-uniq-creme\/\" \/>\n<meta property=\"og:site_name\" content=\"Salon Sensavie\" \/>\n<meta property=\"og:image\" content=\"https:\/\/sensavie.com\/wp-content\/uploads\/2019\/12\/uniq-cream.png\" \/>\n\t<meta property=\"og:image:width\" content=\"1000\" \/>\n\t<meta property=\"og:image:height\" content=\"1200\" \/>\n\t<meta property=\"og:image:type\" content=\"image\/png\" \/>\n<meta name=\"twitter:card\" content=\"summary_large_image\" \/>\n<script type=\"application\/ld+json\" class=\"yoast-schema-graph\">{\"@context\":\"https:\/\/schema.org\",\"@graph\":[{\"@type\":\"WebPage\",\"@id\":\"https:\/\/sensavie.com\/fr\/product\/felps-xmix-uniq-creme\/\",\"url\":\"https:\/\/sensavie.com\/fr\/product\/felps-xmix-uniq-creme\/\",\"name\":\"Felps XMIX Uniq Cr\u00e8me - Salon Sensavie\",\"isPartOf\":{\"@id\":\"https:\/\/sensavie.com\/fr\/#website\"},\"datePublished\":\"2019-12-16T21:45:47+00:00\",\"dateModified\":\"2019-12-16T21:45:47+00:00\",\"breadcrumb\":{\"@id\":\"https:\/\/sensavie.com\/fr\/product\/felps-xmix-uniq-creme\/#breadcrumb\"},\"inLanguage\":\"fr-FR\",\"potentialAction\":[{\"@type\":\"ReadAction\",\"target\":[\"https:\/\/sensavie.com\/fr\/product\/felps-xmix-uniq-creme\/\"]}]},{\"@type\":\"BreadcrumbList\",\"@id\":\"https:\/\/sensavie.com\/fr\/product\/felps-xmix-uniq-creme\/#breadcrumb\",\"itemListElement\":[{\"@type\":\"ListItem\",\"position\":1,\"name\":\"Home\",\"item\":\"https:\/\/sensavie.com\/\"},{\"@type\":\"ListItem\",\"position\":2,\"name\":\"Boutique\",\"item\":\"https:\/\/sensavie.com\/fr\/boutique\/\"},{\"@type\":\"ListItem\",\"position\":3,\"name\":\"Felps XMIX Uniq Cr\u00e8me\"}]},{\"@type\":\"WebSite\",\"@id\":\"https:\/\/sensavie.com\/fr\/#website\",\"url\":\"https:\/\/sensavie.com\/fr\/\",\"name\":\"Salon Sensavie\",\"description\":\"Extensions de cheveux, Botox capillaire, Nanoplastie, Traitement \u00e0 la k\u00e9ratine\",\"potentialAction\":[{\"@type\":\"SearchAction\",\"target\":{\"@type\":\"EntryPoint\",\"urlTemplate\":\"https:\/\/sensavie.com\/fr\/?s={search_term_string}\"},\"query-input\":\"required name=search_term_string\"}],\"inLanguage\":\"fr-FR\"}]}<\/script>\n<!-- \/ Yoast SEO plugin. -->","yoast_head_json":{"title":"Felps XMIX Uniq Cr\u00e8me - Salon Sensavie","robots":{"index":"index","follow":"follow","max-snippet":"max-snippet:-1","max-image-preview":"max-image-preview:large","max-video-preview":"max-video-preview:-1"},"canonical":"https:\/\/sensavie.com\/fr\/product\/felps-xmix-uniq-creme\/","og_locale":"fr_FR","og_type":"article","og_title":"Felps XMIX Uniq Cr\u00e8me - Salon Sensavie","og_description":"Traitement sans rin\u00e7age qui procure une foule d\u2019avantages \u00e0 tous les types de cheveux. Il favorise la restructuration des cheveux, le contr\u00f4le des frisottis, la protection thermique, une brillance intense, la protection contre UVA et UVB, coiffure longue dur\u00e9e, facilite [&hellip;]","og_url":"https:\/\/sensavie.com\/fr\/product\/felps-xmix-uniq-creme\/","og_site_name":"Salon Sensavie","og_image":[{"width":1000,"height":1200,"url":"https:\/\/sensavie.com\/wp-content\/uploads\/2019\/12\/uniq-cream.png","type":"image\/png"}],"twitter_card":"summary_large_image","schema":{"@context":"https:\/\/schema.org","@graph":[{"@type":"WebPage","@id":"https:\/\/sensavie.com\/fr\/product\/felps-xmix-uniq-creme\/","url":"https:\/\/sensavie.com\/fr\/product\/felps-xmix-uniq-creme\/","name":"Felps XMIX Uniq Cr\u00e8me - Salon Sensavie","isPartOf":{"@id":"https:\/\/sensavie.com\/fr\/#website"},"datePublished":"2019-12-16T21:45:47+00:00","dateModified":"2019-12-16T21:45:47+00:00","breadcrumb":{"@id":"https:\/\/sensavie.com\/fr\/product\/felps-xmix-uniq-creme\/#breadcrumb"},"inLanguage":"fr-FR","potentialAction":[{"@type":"ReadAction","target":["https:\/\/sensavie.com\/fr\/product\/felps-xmix-uniq-creme\/"]}]},{"@type":"BreadcrumbList","@id":"https:\/\/sensavie.com\/fr\/product\/felps-xmix-uniq-creme\/#breadcrumb","itemListElement":[{"@type":"ListItem","position":1,"name":"Home","item":"https:\/\/sensavie.com\/"},{"@type":"ListItem","position":2,"name":"Boutique","item":"https:\/\/sensavie.com\/fr\/boutique\/"},{"@type":"ListItem","position":3,"name":"Felps XMIX Uniq Cr\u00e8me"}]},{"@type":"WebSite","@id":"https:\/\/sensavie.com\/fr\/#website","url":"https:\/\/sensavie.com\/fr\/","name":"Salon Sensavie","description":"Extensions de cheveux, Botox capillaire, Nanoplastie, Traitement \u00e0 la k\u00e9ratine","potentialAction":[{"@type":"SearchAction","target":{"@type":"EntryPoint","urlTemplate":"https:\/\/sensavie.com\/fr\/?s={search_term_string}"},"query-input":"required name=search_term_string"}],"inLanguage":"fr-FR"}]}},"_links":{"self":[{"href":"https:\/\/sensavie.com\/fr\/wp-json\/wp\/v2\/product\/9487"}],"collection":[{"href":"https:\/\/sensavie.com\/fr\/wp-json\/wp\/v2\/product"}],"about":[{"href":"https:\/\/sensavie.com\/fr\/wp-json\/wp\/v2\/types\/product"}],"replies":[{"embeddable":true,"href":"https:\/\/sensavie.com\/fr\/wp-json\/wp\/v2\/comments?post=9487"}],"wp:featuredmedia":[{"embeddable":true,"href":"https:\/\/sensavie.com\/fr\/wp-json\/wp\/v2\/media\/9488"}],"wp:attachment":[{"href":"https:\/\/sensavie.com\/fr\/wp-json\/wp\/v2\/media?parent=9487"}],"wp:term":[{"taxonomy":"product_cat","embeddable":true,"href":"https:\/\/sensavie.com\/fr\/wp-json\/wp\/v2\/product_cat?post=9487"},{"taxonomy":"product_tag","embeddable":true,"href":"https:\/\/sensavie.com\/fr\/wp-json\/wp\/v2\/product_tag?post=9487"}],"curies":[{"name":"wp","href":"https:\/\/api.w.org\/{rel}","templated":true}]}}