{"id":9500,"date":"2017-06-15T21:22:18","date_gmt":"2017-06-16T01:22:18","guid":{"rendered":"http:\/\/sensavie.com\/product\/brosses-pour-extensions-de-cheveux\/"},"modified":"2017-06-15T21:22:18","modified_gmt":"2017-06-16T01:22:18","slug":"brosses-pour-extensions-de-cheveux","status":"publish","type":"product","link":"https:\/\/sensavie.com\/fr\/produit\/brosses-pour-extensions-de-cheveux\/","title":{"rendered":"Brosses pour extensions de cheveux"},"content":{"rendered":"<p>Cette brosse sp\u00e9ciale prolonge la vie de rallonges capillaires et les garde en sant\u00e9. La brosse ne tire pas le cheveu et aide \u00e0 d\u00e9m\u00ealer en douceur les rallonges.<em> \u00a0<\/em><\/p>\n","protected":false},"excerpt":{"rendered":"<p>Cette brosse sp\u00e9ciale prolonge la vie de rallonges capillaires et les garde en sant\u00e9. La brosse ne tire pas le cheveu et aide \u00e0 d\u00e9m\u00ealer en douceur les rallonges. \u00a0<\/p>\n","protected":false},"featured_media":9501,"comment_status":"open","ping_status":"closed","template":"","meta":[],"product_cat":[262],"product_tag":[266],"yoast_head":"<!-- This site is optimized with the Yoast SEO plugin v19.7.1 - https:\/\/yoast.com\/wordpress\/plugins\/seo\/ -->\n<title>Brosses pour extensions de cheveux - Salon Sensavie<\/title>\n<meta name=\"robots\" content=\"index, follow, max-snippet:-1, max-image-preview:large, max-video-preview:-1\" \/>\n<link rel=\"canonical\" href=\"https:\/\/sensavie.com\/fr\/product\/brosses-pour-extensions-de-cheveux\/\" \/>\n<meta property=\"og:locale\" content=\"fr_FR\" \/>\n<meta property=\"og:type\" content=\"article\" \/>\n<meta property=\"og:title\" content=\"Brosses pour extensions de cheveux - Salon Sensavie\" \/>\n<meta property=\"og:description\" content=\"Cette brosse sp\u00e9ciale prolonge la vie de rallonges capillaires et les garde en sant\u00e9. La brosse ne tire pas le cheveu et aide \u00e0 d\u00e9m\u00ealer en douceur les rallonges. \u00a0\" \/>\n<meta property=\"og:url\" content=\"https:\/\/sensavie.com\/fr\/product\/brosses-pour-extensions-de-cheveux\/\" \/>\n<meta property=\"og:site_name\" content=\"Salon Sensavie\" \/>\n<meta property=\"og:image\" content=\"https:\/\/sensavie.com\/wp-content\/uploads\/2017\/06\/hair_extension_brush.png\" \/>\n\t<meta property=\"og:image:width\" content=\"800\" \/>\n\t<meta property=\"og:image:height\" content=\"941\" \/>\n\t<meta property=\"og:image:type\" content=\"image\/png\" \/>\n<meta name=\"twitter:card\" content=\"summary_large_image\" \/>\n<script type=\"application\/ld+json\" class=\"yoast-schema-graph\">{\"@context\":\"https:\/\/schema.org\",\"@graph\":[{\"@type\":\"WebPage\",\"@id\":\"https:\/\/sensavie.com\/fr\/product\/brosses-pour-extensions-de-cheveux\/\",\"url\":\"https:\/\/sensavie.com\/fr\/product\/brosses-pour-extensions-de-cheveux\/\",\"name\":\"Brosses pour extensions de cheveux - Salon Sensavie\",\"isPartOf\":{\"@id\":\"https:\/\/sensavie.com\/fr\/#website\"},\"datePublished\":\"2017-06-16T01:22:18+00:00\",\"dateModified\":\"2017-06-16T01:22:18+00:00\",\"breadcrumb\":{\"@id\":\"https:\/\/sensavie.com\/fr\/product\/brosses-pour-extensions-de-cheveux\/#breadcrumb\"},\"inLanguage\":\"fr-FR\",\"potentialAction\":[{\"@type\":\"ReadAction\",\"target\":[\"https:\/\/sensavie.com\/fr\/product\/brosses-pour-extensions-de-cheveux\/\"]}]},{\"@type\":\"BreadcrumbList\",\"@id\":\"https:\/\/sensavie.com\/fr\/product\/brosses-pour-extensions-de-cheveux\/#breadcrumb\",\"itemListElement\":[{\"@type\":\"ListItem\",\"position\":1,\"name\":\"Home\",\"item\":\"https:\/\/sensavie.com\/\"},{\"@type\":\"ListItem\",\"position\":2,\"name\":\"Boutique\",\"item\":\"https:\/\/sensavie.com\/fr\/boutique\/\"},{\"@type\":\"ListItem\",\"position\":3,\"name\":\"Brosses pour extensions de cheveux\"}]},{\"@type\":\"WebSite\",\"@id\":\"https:\/\/sensavie.com\/fr\/#website\",\"url\":\"https:\/\/sensavie.com\/fr\/\",\"name\":\"Salon Sensavie\",\"description\":\"Extensions de cheveux, Botox capillaire, Nanoplastie, Traitement \u00e0 la k\u00e9ratine\",\"potentialAction\":[{\"@type\":\"SearchAction\",\"target\":{\"@type\":\"EntryPoint\",\"urlTemplate\":\"https:\/\/sensavie.com\/fr\/?s={search_term_string}\"},\"query-input\":\"required name=search_term_string\"}],\"inLanguage\":\"fr-FR\"}]}<\/script>\n<!-- \/ Yoast SEO plugin. -->","yoast_head_json":{"title":"Brosses pour extensions de cheveux - Salon Sensavie","robots":{"index":"index","follow":"follow","max-snippet":"max-snippet:-1","max-image-preview":"max-image-preview:large","max-video-preview":"max-video-preview:-1"},"canonical":"https:\/\/sensavie.com\/fr\/product\/brosses-pour-extensions-de-cheveux\/","og_locale":"fr_FR","og_type":"article","og_title":"Brosses pour extensions de cheveux - Salon Sensavie","og_description":"Cette brosse sp\u00e9ciale prolonge la vie de rallonges capillaires et les garde en sant\u00e9. La brosse ne tire pas le cheveu et aide \u00e0 d\u00e9m\u00ealer en douceur les rallonges. \u00a0","og_url":"https:\/\/sensavie.com\/fr\/product\/brosses-pour-extensions-de-cheveux\/","og_site_name":"Salon Sensavie","og_image":[{"width":800,"height":941,"url":"https:\/\/sensavie.com\/wp-content\/uploads\/2017\/06\/hair_extension_brush.png","type":"image\/png"}],"twitter_card":"summary_large_image","schema":{"@context":"https:\/\/schema.org","@graph":[{"@type":"WebPage","@id":"https:\/\/sensavie.com\/fr\/product\/brosses-pour-extensions-de-cheveux\/","url":"https:\/\/sensavie.com\/fr\/product\/brosses-pour-extensions-de-cheveux\/","name":"Brosses pour extensions de cheveux - Salon Sensavie","isPartOf":{"@id":"https:\/\/sensavie.com\/fr\/#website"},"datePublished":"2017-06-16T01:22:18+00:00","dateModified":"2017-06-16T01:22:18+00:00","breadcrumb":{"@id":"https:\/\/sensavie.com\/fr\/product\/brosses-pour-extensions-de-cheveux\/#breadcrumb"},"inLanguage":"fr-FR","potentialAction":[{"@type":"ReadAction","target":["https:\/\/sensavie.com\/fr\/product\/brosses-pour-extensions-de-cheveux\/"]}]},{"@type":"BreadcrumbList","@id":"https:\/\/sensavie.com\/fr\/product\/brosses-pour-extensions-de-cheveux\/#breadcrumb","itemListElement":[{"@type":"ListItem","position":1,"name":"Home","item":"https:\/\/sensavie.com\/"},{"@type":"ListItem","position":2,"name":"Boutique","item":"https:\/\/sensavie.com\/fr\/boutique\/"},{"@type":"ListItem","position":3,"name":"Brosses pour extensions de cheveux"}]},{"@type":"WebSite","@id":"https:\/\/sensavie.com\/fr\/#website","url":"https:\/\/sensavie.com\/fr\/","name":"Salon Sensavie","description":"Extensions de cheveux, Botox capillaire, Nanoplastie, Traitement \u00e0 la k\u00e9ratine","potentialAction":[{"@type":"SearchAction","target":{"@type":"EntryPoint","urlTemplate":"https:\/\/sensavie.com\/fr\/?s={search_term_string}"},"query-input":"required name=search_term_string"}],"inLanguage":"fr-FR"}]}},"_links":{"self":[{"href":"https:\/\/sensavie.com\/fr\/wp-json\/wp\/v2\/product\/9500"}],"collection":[{"href":"https:\/\/sensavie.com\/fr\/wp-json\/wp\/v2\/product"}],"about":[{"href":"https:\/\/sensavie.com\/fr\/wp-json\/wp\/v2\/types\/product"}],"replies":[{"embeddable":true,"href":"https:\/\/sensavie.com\/fr\/wp-json\/wp\/v2\/comments?post=9500"}],"wp:featuredmedia":[{"embeddable":true,"href":"https:\/\/sensavie.com\/fr\/wp-json\/wp\/v2\/media\/9501"}],"wp:attachment":[{"href":"https:\/\/sensavie.com\/fr\/wp-json\/wp\/v2\/media?parent=9500"}],"wp:term":[{"taxonomy":"product_cat","embeddable":true,"href":"https:\/\/sensavie.com\/fr\/wp-json\/wp\/v2\/product_cat?post=9500"},{"taxonomy":"product_tag","embeddable":true,"href":"https:\/\/sensavie.com\/fr\/wp-json\/wp\/v2\/product_tag?post=9500"}],"curies":[{"name":"wp","href":"https:\/\/api.w.org\/{rel}","templated":true}]}}